{"id":1504,"date":"2022-06-13T08:52:17","date_gmt":"2022-06-13T08:52:17","guid":{"rendered":"https:\/\/navpax.com\/?page_id=1504"},"modified":"2022-08-13T12:34:43","modified_gmt":"2022-08-13T10:34:43","slug":"fluvial","status":"publish","type":"page","link":"https:\/\/navpax.com\/es\/barcos-de-pasaje\/fluvial\/","title":{"rendered":"Fluvial"},"content":{"rendered":"<p>[vc_row][vc_column]<h1 class=\"sc_title sc_title_regular\"><\/p>\n<p style=\"text-align: center;\">Secci\u00f3n dedicada a los barcos fluviales de gran capacidad.<\/p>\n<p><\/h1><div class=\"sc_line sc_line_position_center_center sc_line_style_solid\" style=\"border-top-style:solid;\"><\/div><div id=\"sc_boats_110634843_wrap\" class=\"sc_boats_wrap\"><div id=\"sc_boats_110634843\" class=\"sc_boats sc_boats_style_boats-2 \" style=\"width:100%;\"><div class=\"sc_columns columns_wrap\"><\/div><\/div><!-- \/.sc_boats --><\/div><!-- \/.sc_boats_wrap -->[\/vc_column][\/vc_row][vc_row][vc_column][\/vc_column][\/vc_row][vc_row][vc_column][\/vc_column][\/vc_row]<\/p>\n","protected":false},"excerpt":{"rendered":"<p>[vc_row][vc_column][\/vc_column][\/vc_row][vc_row][vc_column][\/vc_column][\/vc_row][vc_row][vc_column][\/vc_column][\/vc_row]<\/p>\n","protected":false},"author":1,"featured_media":0,"parent":1467,"menu_order":0,"comment_status":"closed","ping_status":"closed","template":"","meta":{"footnotes":""},"class_list":["post-1504","page","type-page","status-publish","hentry"],"yoast_head":"<!-- This site is optimized with the Yoast SEO plugin v26.0 - https:\/\/yoast.com\/wordpress\/plugins\/seo\/ -->\n<title>Barco fluvial de ocasi\u00f3n en venta<\/title>\n<meta name=\"description\" content=\"Este barco fluvial de una capacidad de 550 pasajeros ha sido renovado en 2019 y esta en venta en Espa\u00f1a como ocasi\u00f3n \u00fanica.\" \/>\n<meta name=\"robots\" content=\"index, follow, max-snippet:-1, max-image-preview:large, max-video-preview:-1\" \/>\n<link rel=\"canonical\" href=\"https:\/\/navpax.com\/es\/barcos-de-pasaje\/fluvial\/\" \/>\n<meta property=\"og:locale\" content=\"es_ES\" \/>\n<meta property=\"og:type\" content=\"article\" \/>\n<meta property=\"og:title\" content=\"Barco fluvial de ocasi\u00f3n en venta\" \/>\n<meta property=\"og:description\" content=\"Este barco fluvial de una capacidad de 550 pasajeros ha sido renovado en 2019 y esta en venta en Espa\u00f1a como ocasi\u00f3n \u00fanica.\" \/>\n<meta property=\"og:url\" content=\"https:\/\/navpax.com\/es\/barcos-de-pasaje\/fluvial\/\" \/>\n<meta property=\"og:site_name\" content=\"Navpax - Especialistas en venta de barcos y buques de pasajeros\" \/>\n<meta property=\"article:modified_time\" content=\"2022-08-13T10:34:43+00:00\" \/>\n<meta name=\"twitter:card\" content=\"summary_large_image\" \/>\n<meta name=\"twitter:label1\" content=\"Tiempo de lectura\" \/>\n\t<meta name=\"twitter:data1\" content=\"1 minuto\" \/>\n<script type=\"application\/ld+json\" class=\"yoast-schema-graph\">{\"@context\":\"https:\/\/schema.org\",\"@graph\":[{\"@type\":\"WebPage\",\"@id\":\"https:\/\/navpax.com\/es\/barcos-de-pasaje\/fluvial\/\",\"url\":\"https:\/\/navpax.com\/es\/barcos-de-pasaje\/fluvial\/\",\"name\":\"Barco fluvial de ocasi\u00f3n en venta\",\"isPartOf\":{\"@id\":\"https:\/\/navpax.com\/es\/#website\"},\"datePublished\":\"2022-06-13T08:52:17+00:00\",\"dateModified\":\"2022-08-13T10:34:43+00:00\",\"description\":\"Este barco fluvial de una capacidad de 550 pasajeros ha sido renovado en 2019 y esta en venta en Espa\u00f1a como ocasi\u00f3n \u00fanica.\",\"breadcrumb\":{\"@id\":\"https:\/\/navpax.com\/es\/barcos-de-pasaje\/fluvial\/#breadcrumb\"},\"inLanguage\":\"es\",\"potentialAction\":[{\"@type\":\"ReadAction\",\"target\":[\"https:\/\/navpax.com\/es\/barcos-de-pasaje\/fluvial\/\"]}]},{\"@type\":\"BreadcrumbList\",\"@id\":\"https:\/\/navpax.com\/es\/barcos-de-pasaje\/fluvial\/#breadcrumb\",\"itemListElement\":[{\"@type\":\"ListItem\",\"position\":1,\"name\":\"Portada\",\"item\":\"https:\/\/navpax.com\/es\/\"},{\"@type\":\"ListItem\",\"position\":2,\"name\":\"Barcos de pasaje\",\"item\":\"https:\/\/navpax.com\/es\/barcos-de-pasaje\/\"},{\"@type\":\"ListItem\",\"position\":3,\"name\":\"Fluvial\"}]},{\"@type\":\"WebSite\",\"@id\":\"https:\/\/navpax.com\/es\/#website\",\"url\":\"https:\/\/navpax.com\/es\/\",\"name\":\"Navpax - Especialistas en venta de barcos y buques de pasajeros\",\"description\":\"NAVPAX es una empresa especializada y dedicada exclusivamente a la venta de buques de pasaje. Informaci\u00f3n al 635 87 95 98.\",\"publisher\":{\"@id\":\"https:\/\/navpax.com\/es\/#organization\"},\"potentialAction\":[{\"@type\":\"SearchAction\",\"target\":{\"@type\":\"EntryPoint\",\"urlTemplate\":\"https:\/\/navpax.com\/es\/?s={search_term_string}\"},\"query-input\":{\"@type\":\"PropertyValueSpecification\",\"valueRequired\":true,\"valueName\":\"search_term_string\"}}],\"inLanguage\":\"es\"},{\"@type\":\"Organization\",\"@id\":\"https:\/\/navpax.com\/es\/#organization\",\"name\":\"Navpax - Especialistas en venta de barcos y buques de pasajeros\",\"url\":\"https:\/\/navpax.com\/es\/\",\"logo\":{\"@type\":\"ImageObject\",\"inLanguage\":\"es\",\"@id\":\"https:\/\/navpax.com\/es\/#\/schema\/logo\/image\/\",\"url\":\"https:\/\/navpax.com\/wp-content\/uploads\/2022\/06\/navpax-logo-fr.png\",\"contentUrl\":\"https:\/\/navpax.com\/wp-content\/uploads\/2022\/06\/navpax-logo-fr.png\",\"width\":320,\"height\":141,\"caption\":\"Navpax - Especialistas en venta de barcos y buques de pasajeros\"},\"image\":{\"@id\":\"https:\/\/navpax.com\/es\/#\/schema\/logo\/image\/\"}}]}<\/script>\n<!-- \/ Yoast SEO plugin. -->","yoast_head_json":{"title":"Barco fluvial de ocasi\u00f3n en venta","description":"Este barco fluvial de una capacidad de 550 pasajeros ha sido renovado en 2019 y esta en venta en Espa\u00f1a como ocasi\u00f3n \u00fanica.","robots":{"index":"index","follow":"follow","max-snippet":"max-snippet:-1","max-image-preview":"max-image-preview:large","max-video-preview":"max-video-preview:-1"},"canonical":"https:\/\/navpax.com\/es\/barcos-de-pasaje\/fluvial\/","og_locale":"es_ES","og_type":"article","og_title":"Barco fluvial de ocasi\u00f3n en venta","og_description":"Este barco fluvial de una capacidad de 550 pasajeros ha sido renovado en 2019 y esta en venta en Espa\u00f1a como ocasi\u00f3n \u00fanica.","og_url":"https:\/\/navpax.com\/es\/barcos-de-pasaje\/fluvial\/","og_site_name":"Navpax - Especialistas en venta de barcos y buques de pasajeros","article_modified_time":"2022-08-13T10:34:43+00:00","twitter_card":"summary_large_image","twitter_misc":{"Tiempo de lectura":"1 minuto"},"schema":{"@context":"https:\/\/schema.org","@graph":[{"@type":"WebPage","@id":"https:\/\/navpax.com\/es\/barcos-de-pasaje\/fluvial\/","url":"https:\/\/navpax.com\/es\/barcos-de-pasaje\/fluvial\/","name":"Barco fluvial de ocasi\u00f3n en venta","isPartOf":{"@id":"https:\/\/navpax.com\/es\/#website"},"datePublished":"2022-06-13T08:52:17+00:00","dateModified":"2022-08-13T10:34:43+00:00","description":"Este barco fluvial de una capacidad de 550 pasajeros ha sido renovado en 2019 y esta en venta en Espa\u00f1a como ocasi\u00f3n \u00fanica.","breadcrumb":{"@id":"https:\/\/navpax.com\/es\/barcos-de-pasaje\/fluvial\/#breadcrumb"},"inLanguage":"es","potentialAction":[{"@type":"ReadAction","target":["https:\/\/navpax.com\/es\/barcos-de-pasaje\/fluvial\/"]}]},{"@type":"BreadcrumbList","@id":"https:\/\/navpax.com\/es\/barcos-de-pasaje\/fluvial\/#breadcrumb","itemListElement":[{"@type":"ListItem","position":1,"name":"Portada","item":"https:\/\/navpax.com\/es\/"},{"@type":"ListItem","position":2,"name":"Barcos de pasaje","item":"https:\/\/navpax.com\/es\/barcos-de-pasaje\/"},{"@type":"ListItem","position":3,"name":"Fluvial"}]},{"@type":"WebSite","@id":"https:\/\/navpax.com\/es\/#website","url":"https:\/\/navpax.com\/es\/","name":"Navpax - Especialistas en venta de barcos y buques de pasajeros","description":"NAVPAX es una empresa especializada y dedicada exclusivamente a la venta de buques de pasaje. Informaci\u00f3n al 635 87 95 98.","publisher":{"@id":"https:\/\/navpax.com\/es\/#organization"},"potentialAction":[{"@type":"SearchAction","target":{"@type":"EntryPoint","urlTemplate":"https:\/\/navpax.com\/es\/?s={search_term_string}"},"query-input":{"@type":"PropertyValueSpecification","valueRequired":true,"valueName":"search_term_string"}}],"inLanguage":"es"},{"@type":"Organization","@id":"https:\/\/navpax.com\/es\/#organization","name":"Navpax - Especialistas en venta de barcos y buques de pasajeros","url":"https:\/\/navpax.com\/es\/","logo":{"@type":"ImageObject","inLanguage":"es","@id":"https:\/\/navpax.com\/es\/#\/schema\/logo\/image\/","url":"https:\/\/navpax.com\/wp-content\/uploads\/2022\/06\/navpax-logo-fr.png","contentUrl":"https:\/\/navpax.com\/wp-content\/uploads\/2022\/06\/navpax-logo-fr.png","width":320,"height":141,"caption":"Navpax - Especialistas en venta de barcos y buques de pasajeros"},"image":{"@id":"https:\/\/navpax.com\/es\/#\/schema\/logo\/image\/"}}]}},"_links":{"self":[{"href":"https:\/\/navpax.com\/es\/wp-json\/wp\/v2\/pages\/1504","targetHints":{"allow":["GET"]}}],"collection":[{"href":"https:\/\/navpax.com\/es\/wp-json\/wp\/v2\/pages"}],"about":[{"href":"https:\/\/navpax.com\/es\/wp-json\/wp\/v2\/types\/page"}],"author":[{"embeddable":true,"href":"https:\/\/navpax.com\/es\/wp-json\/wp\/v2\/users\/1"}],"replies":[{"embeddable":true,"href":"https:\/\/navpax.com\/es\/wp-json\/wp\/v2\/comments?post=1504"}],"version-history":[{"count":0,"href":"https:\/\/navpax.com\/es\/wp-json\/wp\/v2\/pages\/1504\/revisions"}],"up":[{"embeddable":true,"href":"https:\/\/navpax.com\/es\/wp-json\/wp\/v2\/pages\/1467"}],"wp:attachment":[{"href":"https:\/\/navpax.com\/es\/wp-json\/wp\/v2\/media?parent=1504"}],"curies":[{"name":"wp","href":"https:\/\/api.w.org\/{rel}","templated":true}]}}