{"id":1497,"date":"2022-06-13T08:36:56","date_gmt":"2022-06-13T08:36:56","guid":{"rendered":"https:\/\/navpax.com\/?page_id=1497"},"modified":"2024-01-29T09:09:26","modified_gmt":"2024-01-29T07:09:26","slug":"catamaran","status":"publish","type":"page","link":"https:\/\/navpax.com\/es\/barcos-de-pasaje\/catamaran\/","title":{"rendered":"Catamar\u00e1n"},"content":{"rendered":"<p>[vc_row][vc_column]<h1 class=\"sc_title sc_title_regular\">En esta p\u00e1gina les ofrecemos todo tipo de catamaranes de ocasi\u00f3n en venta en Espa\u00f1a y en Francia. Con vision submarina o sin ella, \u00e9lectrico 100% o de propulsion t\u00e9rmica. Aqui estan todos!<\/p>\n<p>Tamb\u00eden pueden visitar nuestra p\u00e1gina de barcos <a href=\"https:\/\/navpax.com\/es\/barcos-de-pasaje\/monocasco\/\">monocasco<\/a><\/h1><div id=\"sc_boats_945116672_wrap\" class=\"sc_boats_wrap\"><div id=\"sc_boats_945116672\" class=\"sc_boats sc_boats_style_boats-2 \" style=\"width:100%;\"><div class=\"sc_columns columns_wrap\"><div class=\"column-1_3 column_padding_bottom\">\t\t\t\t\n\t\t\t\t<div id=\"sc_boats_945116672_1\" class=\"sc_boats_item sc_boats_item_1 odd first\">\n\t\t\t\t\t\n\t\t\t\t\t<div class=\"sc_boats_item_top\">\n\t\t\t\t\t\t<a href=\"https:\/\/navpax.com\/es\/boats\/catamaran-en-venta\/\"><span class=\"boats_price_box\"><span class=\"boats_price_box_item\"><span class=\"boats_price\">475.000<\/span> <span class=\"boats_price_sign\">\u20ac<\/span><\/span><\/span><img loading=\"lazy\" decoding=\"async\" class=\"wp-post-image\" width=\"770\" height=\"434\" alt=\"Catamar\u00e1n 136 Pax\" src=\"https:\/\/navpax.com\/wp-content\/uploads\/2026\/02\/Portada-Nemo.jpg?v=1771489151\"><\/a>\n\t\t\t\t\t\t\t\t\t\t\t\t\n\t\t\t\t\t<\/div>\n\t\t\t\t\t<div class=\"sc_boats_item_middle\">\n\t\t\t\t\t\t<div class=\"sc_boats_item_middle_title\">\n\t\t\t\t\t\t\t<a href=\"https:\/\/navpax.com\/es\/boats\/catamaran-en-venta\/\">Catamar\u00e1n 136 Pax<\/a>\t\t\t\t\t\t<\/div>\n\t\t\t\t\t\t<div class=\"sc_boats_item_middle_location\">\n\t\t\t\t\t\t\t<span class=\"icon-placeholder\"><\/span> Catamar\u00e1n\t\t\t\t\t\t<\/div>\n\t\t\t\t\t<\/div>\n\t\t\t\t\t<div class=\"sc_boats_item_bottom\">\n\n\t\t\t\t\t\t\t\t\t\t\t\t<div class=\"sc_boats_item_bottom_crew\">\n\t\t\t\t\t\t\t R\u00e9f : <strong>CE-5<\/strong>\n\t\t\t\t\t\t<\/div>\n\t\t\t\t\t\t\t\t\t\t\t\t\n\t\t\t\t\t\t\t\t\t\t\t\t<div class=\"sc_boats_item_bottom_length\">\n\t\t\t\t\t\t\t<span class=\"icon-meter\"><\/span> <strong>17.03x7.50 M<\/strong>\n\t\t\t\t\t\t<\/div>\n\t\t\t\t\t\t\t\t\t\t\t\t\n\t\t\t\t\t\t\t\t\t\t\t\t<div class=\"sc_boats_item_bottom_crew\">\n\t\t\t\t\t\t\t<span class=\"icon-profile\"><\/span> <strong>136<\/strong>\n\t\t\t\t\t\t<\/div>\n\t\t\t\t\t\t\t\t\t\t\t\t\n\t\t\t\t\t\t\t\t\t\t\t\t\n\t\t\t\t\t\t<div class=\"cL\"><\/div>\n\t\t\t\t\t\t\n\t\t\t\t\t<\/div>\n\t\t\t\t\t\n\t\t\t\t<\/div>\t\n\t\t\t\t\n\t\t<\/div><div class=\"column-1_3 column_padding_bottom\">\t\t\t\t\n\t\t\t\t<div id=\"sc_boats_945116672_2\" class=\"sc_boats_item sc_boats_item_2 even\">\n\t\t\t\t\t\n\t\t\t\t\t<div class=\"sc_boats_item_top\">\n\t\t\t\t\t\t<a href=\"https:\/\/navpax.com\/es\/boats\/catamaran-de-pasajeros-en-venta-de-ocasion-2\/\"><span class=\"boats_price_box\"><span class=\"boats_price_box_item\"><span class=\"boats_price\">450.000<\/span> <span class=\"boats_price_sign\">\u20ac<\/span><\/span><\/span><img loading=\"lazy\" decoding=\"async\" class=\"wp-post-image\" width=\"770\" height=\"434\" alt=\"Catamar\u00e1n 90 Pax. ampliable 110 Pax.\" src=\"https:\/\/navpax.com\/wp-content\/uploads\/2026\/01\/Nueva-Portada.jpg?v=1768557183\"><\/a>\n\t\t\t\t\t\t\t\t\t\t\t\t\n\t\t\t\t\t<\/div>\n\t\t\t\t\t<div class=\"sc_boats_item_middle\">\n\t\t\t\t\t\t<div class=\"sc_boats_item_middle_title\">\n\t\t\t\t\t\t\t<a href=\"https:\/\/navpax.com\/es\/boats\/catamaran-de-pasajeros-en-venta-de-ocasion-2\/\">Catamar\u00e1n 90 Pax. ampliable 110 Pax.<\/a>\t\t\t\t\t\t<\/div>\n\t\t\t\t\t\t<div class=\"sc_boats_item_middle_location\">\n\t\t\t\t\t\t\t<span class=\"icon-placeholder\"><\/span> Catamar\u00e1n\t\t\t\t\t\t<\/div>\n\t\t\t\t\t<\/div>\n\t\t\t\t\t<div class=\"sc_boats_item_bottom\">\n\n\t\t\t\t\t\t\t\t\t\t\t\t<div class=\"sc_boats_item_bottom_crew\">\n\t\t\t\t\t\t\t R\u00e9f : <strong>CE4<\/strong>\n\t\t\t\t\t\t<\/div>\n\t\t\t\t\t\t\t\t\t\t\t\t\n\t\t\t\t\t\t\t\t\t\t\t\t<div class=\"sc_boats_item_bottom_length\">\n\t\t\t\t\t\t\t<span class=\"icon-meter\"><\/span> <strong>15.00x6.00 M<\/strong>\n\t\t\t\t\t\t<\/div>\n\t\t\t\t\t\t\t\t\t\t\t\t\n\t\t\t\t\t\t\t\t\t\t\t\t<div class=\"sc_boats_item_bottom_crew\">\n\t\t\t\t\t\t\t<span class=\"icon-profile\"><\/span> <strong>90<\/strong>\n\t\t\t\t\t\t<\/div>\n\t\t\t\t\t\t\t\t\t\t\t\t\n\t\t\t\t\t\t\t\t\t\t\t\t\n\t\t\t\t\t\t<div class=\"cL\"><\/div>\n\t\t\t\t\t\t\n\t\t\t\t\t<\/div>\n\t\t\t\t\t\n\t\t\t\t<\/div>\t\n\t\t\t\t\n\t\t<\/div><div class=\"column-1_3 column_padding_bottom\">\t\t\t\t\n\t\t\t\t<div id=\"sc_boats_945116672_3\" class=\"sc_boats_item sc_boats_item_3 odd\">\n\t\t\t\t\t\n\t\t\t\t\t<div class=\"sc_boats_item_top\">\n\t\t\t\t\t\t<a href=\"https:\/\/navpax.com\/es\/boats\/catamaran-en-venta-de-ocasion\/\"><span class=\"boats_price_box\"><span class=\"boats_price_box_item\"><span class=\"boats_price\">600.000<\/span> <span class=\"boats_price_sign\">\u20ac<\/span><\/span><\/span><img loading=\"lazy\" decoding=\"async\" class=\"wp-post-image\" width=\"770\" height=\"434\" alt=\"Catamar\u00e1n 150 Pax.\" src=\"https:\/\/navpax.com\/wp-content\/uploads\/2025\/11\/Magic-Web.jpg?v=1763453291\"><\/a>\n\t\t\t\t\t\t<img decoding=\"async\" src=\"https:\/\/navpax.com\/wp-content\/uploads\/2022\/06\/Recurso-3-1.png\" alt=\"vendido\" class=\"bandera_estado\">\t\t\t\t\t\t\n\t\t\t\t\t<\/div>\n\t\t\t\t\t<div class=\"sc_boats_item_middle\">\n\t\t\t\t\t\t<div class=\"sc_boats_item_middle_title\">\n\t\t\t\t\t\t\t<a href=\"https:\/\/navpax.com\/es\/boats\/catamaran-en-venta-de-ocasion\/\">Catamar\u00e1n 150 Pax.<\/a>\t\t\t\t\t\t<\/div>\n\t\t\t\t\t\t<div class=\"sc_boats_item_middle_location\">\n\t\t\t\t\t\t\t<span class=\"icon-placeholder\"><\/span> Catamar\u00e1n\t\t\t\t\t\t<\/div>\n\t\t\t\t\t<\/div>\n\t\t\t\t\t<div class=\"sc_boats_item_bottom\">\n\n\t\t\t\t\t\t\t\t\t\t\t\t<div class=\"sc_boats_item_bottom_crew\">\n\t\t\t\t\t\t\t R\u00e9f : <strong>CE3<\/strong>\n\t\t\t\t\t\t<\/div>\n\t\t\t\t\t\t\t\t\t\t\t\t\n\t\t\t\t\t\t\t\t\t\t\t\t<div class=\"sc_boats_item_bottom_length\">\n\t\t\t\t\t\t\t<span class=\"icon-meter\"><\/span> <strong>16.34x6.66 M<\/strong>\n\t\t\t\t\t\t<\/div>\n\t\t\t\t\t\t\t\t\t\t\t\t\n\t\t\t\t\t\t\t\t\t\t\t\t<div class=\"sc_boats_item_bottom_crew\">\n\t\t\t\t\t\t\t<span class=\"icon-profile\"><\/span> <strong>150<\/strong>\n\t\t\t\t\t\t<\/div>\n\t\t\t\t\t\t\t\t\t\t\t\t\n\t\t\t\t\t\t\t\t\t\t\t\t\n\t\t\t\t\t\t<div class=\"cL\"><\/div>\n\t\t\t\t\t\t\n\t\t\t\t\t<\/div>\n\t\t\t\t\t\n\t\t\t\t<\/div>\t\n\t\t\t\t\n\t\t<\/div><div class=\"column-1_3 column_padding_bottom\">\t\t\t\t\n\t\t\t\t<div id=\"sc_boats_945116672_4\" class=\"sc_boats_item sc_boats_item_4 even\">\n\t\t\t\t\t\n\t\t\t\t\t<div class=\"sc_boats_item_top\">\n\t\t\t\t\t\t<a href=\"https:\/\/navpax.com\/es\/boats\/catamaran-rodman-59\/\"><span class=\"boats_price_box\"><span class=\"boats_price_box_item\"><span class=\"boats_price\">450.000<\/span> <span class=\"boats_price_sign\">\u20ac<\/span><\/span><\/span><img loading=\"lazy\" decoding=\"async\" class=\"wp-post-image\" width=\"770\" height=\"434\" alt=\"Catamar\u00e1n RODMAN 59\" src=\"https:\/\/navpax.com\/wp-content\/uploads\/2023\/02\/Portada-Rodman-1.jpg?v=1676386885\"><\/a>\n\t\t\t\t\t\t<img decoding=\"async\" src=\"https:\/\/navpax.com\/wp-content\/uploads\/2022\/10\/bajada-precio.png\" alt=\"vendido\" class=\"bandera_estado\">\t\t\t\t\t\t\n\t\t\t\t\t<\/div>\n\t\t\t\t\t<div class=\"sc_boats_item_middle\">\n\t\t\t\t\t\t<div class=\"sc_boats_item_middle_title\">\n\t\t\t\t\t\t\t<a href=\"https:\/\/navpax.com\/es\/boats\/catamaran-rodman-59\/\">Catamar\u00e1n RODMAN 59<\/a>\t\t\t\t\t\t<\/div>\n\t\t\t\t\t\t<div class=\"sc_boats_item_middle_location\">\n\t\t\t\t\t\t\t<span class=\"icon-placeholder\"><\/span> Catamar\u00e1n\t\t\t\t\t\t<\/div>\n\t\t\t\t\t<\/div>\n\t\t\t\t\t<div class=\"sc_boats_item_bottom\">\n\n\t\t\t\t\t\t\t\t\t\t\t\t<div class=\"sc_boats_item_bottom_crew\">\n\t\t\t\t\t\t\t R\u00e9f : <strong>CP-1<\/strong>\n\t\t\t\t\t\t<\/div>\n\t\t\t\t\t\t\t\t\t\t\t\t\n\t\t\t\t\t\t\t\t\t\t\t\t<div class=\"sc_boats_item_bottom_length\">\n\t\t\t\t\t\t\t<span class=\"icon-meter\"><\/span> <strong>18.70x7.15 M<\/strong>\n\t\t\t\t\t\t<\/div>\n\t\t\t\t\t\t\t\t\t\t\t\t\n\t\t\t\t\t\t\t\t\t\t\t\t<div class=\"sc_boats_item_bottom_crew\">\n\t\t\t\t\t\t\t<span class=\"icon-profile\"><\/span> <strong>143<\/strong>\n\t\t\t\t\t\t<\/div>\n\t\t\t\t\t\t\t\t\t\t\t\t\n\t\t\t\t\t\t\t\t\t\t\t\t\n\t\t\t\t\t\t<div class=\"cL\"><\/div>\n\t\t\t\t\t\t\n\t\t\t\t\t<\/div>\n\t\t\t\t\t\n\t\t\t\t<\/div>\t\n\t\t\t\t\n\t\t<\/div><div class=\"column-1_3 column_padding_bottom\">\t\t\t\t\n\t\t\t\t<div id=\"sc_boats_945116672_5\" class=\"sc_boats_item sc_boats_item_5 odd\">\n\t\t\t\t\t\n\t\t\t\t\t<div class=\"sc_boats_item_top\">\n\t\t\t\t\t\t<a href=\"https:\/\/navpax.com\/es\/boats\/catamaran-a-vela-en-venta-de-ocasion\/\"><span class=\"boats_price_box\"><span class=\"boats_price_box_item\"><span class=\"boats_price\">1.200.000<\/span> <span class=\"boats_price_sign\">\u20ac<\/span><\/span><\/span><img loading=\"lazy\" decoding=\"async\" class=\"wp-post-image\" width=\"770\" height=\"434\" alt=\"Catamar\u00e1n a vela 150 Pax.\" src=\"https:\/\/navpax.com\/wp-content\/uploads\/2025\/08\/Ia-Portada.jpg?v=1761290601\"><\/a>\n\t\t\t\t\t\t\t\t\t\t\t\t\n\t\t\t\t\t<\/div>\n\t\t\t\t\t<div class=\"sc_boats_item_middle\">\n\t\t\t\t\t\t<div class=\"sc_boats_item_middle_title\">\n\t\t\t\t\t\t\t<a href=\"https:\/\/navpax.com\/es\/boats\/catamaran-a-vela-en-venta-de-ocasion\/\">Catamar\u00e1n a vela 150 Pax.<\/a>\t\t\t\t\t\t<\/div>\n\t\t\t\t\t\t<div class=\"sc_boats_item_middle_location\">\n\t\t\t\t\t\t\t<span class=\"icon-placeholder\"><\/span> Catamar\u00e1n\t\t\t\t\t\t<\/div>\n\t\t\t\t\t<\/div>\n\t\t\t\t\t<div class=\"sc_boats_item_bottom\">\n\n\t\t\t\t\t\t\t\t\t\t\t\t<div class=\"sc_boats_item_bottom_crew\">\n\t\t\t\t\t\t\t R\u00e9f : <strong>CE02<\/strong>\n\t\t\t\t\t\t<\/div>\n\t\t\t\t\t\t\t\t\t\t\t\t\n\t\t\t\t\t\t\t\t\t\t\t\t<div class=\"sc_boats_item_bottom_length\">\n\t\t\t\t\t\t\t<span class=\"icon-meter\"><\/span> <strong>23.94X11.58 M<\/strong>\n\t\t\t\t\t\t<\/div>\n\t\t\t\t\t\t\t\t\t\t\t\t\n\t\t\t\t\t\t\t\t\t\t\t\t<div class=\"sc_boats_item_bottom_crew\">\n\t\t\t\t\t\t\t<span class=\"icon-profile\"><\/span> <strong>150<\/strong>\n\t\t\t\t\t\t<\/div>\n\t\t\t\t\t\t\t\t\t\t\t\t\n\t\t\t\t\t\t\t\t\t\t\t\t\n\t\t\t\t\t\t<div class=\"cL\"><\/div>\n\t\t\t\t\t\t\n\t\t\t\t\t<\/div>\n\t\t\t\t\t\n\t\t\t\t<\/div>\t\n\t\t\t\t\n\t\t<\/div><div class=\"column-1_3 column_padding_bottom\">\t\t\t\t\n\t\t\t\t<div id=\"sc_boats_945116672_6\" class=\"sc_boats_item sc_boats_item_6 even\">\n\t\t\t\t\t\n\t\t\t\t\t<div class=\"sc_boats_item_top\">\n\t\t\t\t\t\t<a href=\"https:\/\/navpax.com\/es\/boats\/se-vende-empresa-nautica\/\"><span class=\"boats_price_box\"><span class=\"boats_price_box_item\"><span class=\"boats_price\">400.000<\/span> <span class=\"boats_price_sign\">\u20ac<\/span><\/span><\/span><img loading=\"lazy\" decoding=\"async\" class=\"wp-post-image\" width=\"770\" height=\"434\" alt=\"Empresa n\u00e1utica en la Costa del Sol\" src=\"https:\/\/navpax.com\/wp-content\/uploads\/2024\/11\/Jalilo-Portada-770x434.jpg\"><\/a>\n\t\t\t\t\t\t\t\t\t\t\t\t\n\t\t\t\t\t<\/div>\n\t\t\t\t\t<div class=\"sc_boats_item_middle\">\n\t\t\t\t\t\t<div class=\"sc_boats_item_middle_title\">\n\t\t\t\t\t\t\t<a href=\"https:\/\/navpax.com\/es\/boats\/se-vende-empresa-nautica\/\">Empresa n\u00e1utica en la Costa del Sol<\/a>\t\t\t\t\t\t<\/div>\n\t\t\t\t\t\t<div class=\"sc_boats_item_middle_location\">\n\t\t\t\t\t\t\t<span class=\"icon-placeholder\"><\/span> inherit\t\t\t\t\t\t<\/div>\n\t\t\t\t\t<\/div>\n\t\t\t\t\t<div class=\"sc_boats_item_bottom\">\n\n\t\t\t\t\t\t\t\t\t\t\t\t<div class=\"sc_boats_item_bottom_crew\">\n\t\t\t\t\t\t\t R\u00e9f : <strong>EVE<\/strong>\n\t\t\t\t\t\t<\/div>\n\t\t\t\t\t\t\t\t\t\t\t\t\n\t\t\t\t\t\t\t\t\t\t\t\t\n\t\t\t\t\t\t\t\t\t\t\t\t\n\t\t\t\t\t\t\t\t\t\t\t\t\n\t\t\t\t\t\t<div class=\"cL\"><\/div>\n\t\t\t\t\t\t\n\t\t\t\t\t<\/div>\n\t\t\t\t\t\n\t\t\t\t<\/div>\t\n\t\t\t\t\n\t\t<\/div><div class=\"column-1_3 column_padding_bottom\">\t\t\t\t\n\t\t\t\t<div id=\"sc_boats_945116672_7\" class=\"sc_boats_item sc_boats_item_7 odd\">\n\t\t\t\t\t\n\t\t\t\t\t<div class=\"sc_boats_item_top\">\n\t\t\t\t\t\t<a href=\"https:\/\/navpax.com\/es\/boats\/catamaran-vision-submarina-185pax\/\"><span class=\"boats_price_box\"><span class=\"boats_price_box_item\"><span class=\"boats_price\">1.200.000<\/span> <span class=\"boats_price_sign\">\u20ac<\/span><\/span><\/span><img loading=\"lazy\" decoding=\"async\" class=\"wp-post-image\" width=\"770\" height=\"434\" alt=\"Catamar\u00e1n visi\u00f3n submarina 185pax\" src=\"https:\/\/navpax.com\/wp-content\/uploads\/2022\/06\/Portada-27-770x434.jpg\"><\/a>\n\t\t\t\t\t\t\t\t\t\t\t\t\n\t\t\t\t\t<\/div>\n\t\t\t\t\t<div class=\"sc_boats_item_middle\">\n\t\t\t\t\t\t<div class=\"sc_boats_item_middle_title\">\n\t\t\t\t\t\t\t<a href=\"https:\/\/navpax.com\/es\/boats\/catamaran-vision-submarina-185pax\/\">Catamar\u00e1n visi\u00f3n submarina 185pax<\/a>\t\t\t\t\t\t<\/div>\n\t\t\t\t\t\t<div class=\"sc_boats_item_middle_location\">\n\t\t\t\t\t\t\t<span class=\"icon-placeholder\"><\/span> Catamaran\t\t\t\t\t\t<\/div>\n\t\t\t\t\t<\/div>\n\t\t\t\t\t<div class=\"sc_boats_item_bottom\">\n\n\t\t\t\t\t\t\t\t\t\t\t\t<div class=\"sc_boats_item_bottom_crew\">\n\t\t\t\t\t\t\t R\u00e9f : <strong>POR<\/strong>\n\t\t\t\t\t\t<\/div>\n\t\t\t\t\t\t\t\t\t\t\t\t\n\t\t\t\t\t\t\t\t\t\t\t\t<div class=\"sc_boats_item_bottom_length\">\n\t\t\t\t\t\t\t<span class=\"icon-meter\"><\/span> <strong>18.78x7.22 M<\/strong>\n\t\t\t\t\t\t<\/div>\n\t\t\t\t\t\t\t\t\t\t\t\t\n\t\t\t\t\t\t\t\t\t\t\t\t<div class=\"sc_boats_item_bottom_crew\">\n\t\t\t\t\t\t\t<span class=\"icon-profile\"><\/span> <strong>185<\/strong>\n\t\t\t\t\t\t<\/div>\n\t\t\t\t\t\t\t\t\t\t\t\t\n\t\t\t\t\t\t\t\t\t\t\t\t\n\t\t\t\t\t\t<div class=\"cL\"><\/div>\n\t\t\t\t\t\t\n\t\t\t\t\t<\/div>\n\t\t\t\t\t\n\t\t\t\t<\/div>\t\n\t\t\t\t\n\t\t<\/div><\/div><\/div><!-- \/.sc_boats --><\/div><!-- \/.sc_boats_wrap -->[\/vc_column][\/vc_row][vc_row][vc_column][\/vc_column][\/vc_row]<\/p>\n","protected":false},"excerpt":{"rendered":"<p>[vc_row][vc_column][\/vc_column][\/vc_row][vc_row][vc_column][\/vc_column][\/vc_row]<\/p>\n","protected":false},"author":1,"featured_media":0,"parent":1467,"menu_order":0,"comment_status":"closed","ping_status":"closed","template":"","meta":{"footnotes":""},"class_list":["post-1497","page","type-page","status-publish","hentry"],"yoast_head":"<!-- This site is optimized with the Yoast SEO plugin v26.0 - https:\/\/yoast.com\/wordpress\/plugins\/seo\/ -->\n<title>Catamar\u00e1n de ocasi\u00f3n en venta<\/title>\n<meta name=\"description\" content=\"Barcos de pasajeros de ocasion en venta en esta p\u00e1gina, catamaranes de todo tipo, tanto con vision submarina o sin ella, el\u00e9ctricos o no.\" \/>\n<meta name=\"robots\" content=\"index, follow, max-snippet:-1, max-image-preview:large, max-video-preview:-1\" \/>\n<link rel=\"canonical\" href=\"https:\/\/navpax.com\/es\/barcos-de-pasaje\/catamaran\/\" \/>\n<meta property=\"og:locale\" content=\"es_ES\" \/>\n<meta property=\"og:type\" content=\"article\" \/>\n<meta property=\"og:title\" content=\"Catamar\u00e1n de ocasi\u00f3n en venta\" \/>\n<meta property=\"og:description\" content=\"Barcos de pasajeros de ocasion en venta en esta p\u00e1gina, catamaranes de todo tipo, tanto con vision submarina o sin ella, el\u00e9ctricos o no.\" \/>\n<meta property=\"og:url\" content=\"https:\/\/navpax.com\/es\/barcos-de-pasaje\/catamaran\/\" \/>\n<meta property=\"og:site_name\" content=\"Navpax - Especialistas en venta de barcos y buques de pasajeros\" \/>\n<meta property=\"article:modified_time\" content=\"2024-01-29T07:09:26+00:00\" \/>\n<meta name=\"twitter:card\" content=\"summary_large_image\" \/>\n<meta name=\"twitter:label1\" content=\"Tiempo de lectura\" \/>\n\t<meta name=\"twitter:data1\" content=\"1 minuto\" \/>\n<script type=\"application\/ld+json\" class=\"yoast-schema-graph\">{\"@context\":\"https:\/\/schema.org\",\"@graph\":[{\"@type\":\"WebPage\",\"@id\":\"https:\/\/navpax.com\/es\/barcos-de-pasaje\/catamaran\/\",\"url\":\"https:\/\/navpax.com\/es\/barcos-de-pasaje\/catamaran\/\",\"name\":\"Catamar\u00e1n de ocasi\u00f3n en venta\",\"isPartOf\":{\"@id\":\"https:\/\/navpax.com\/es\/#website\"},\"datePublished\":\"2022-06-13T08:36:56+00:00\",\"dateModified\":\"2024-01-29T07:09:26+00:00\",\"description\":\"Barcos de pasajeros de ocasion en venta en esta p\u00e1gina, catamaranes de todo tipo, tanto con vision submarina o sin ella, el\u00e9ctricos o no.\",\"breadcrumb\":{\"@id\":\"https:\/\/navpax.com\/es\/barcos-de-pasaje\/catamaran\/#breadcrumb\"},\"inLanguage\":\"es\",\"potentialAction\":[{\"@type\":\"ReadAction\",\"target\":[\"https:\/\/navpax.com\/es\/barcos-de-pasaje\/catamaran\/\"]}]},{\"@type\":\"BreadcrumbList\",\"@id\":\"https:\/\/navpax.com\/es\/barcos-de-pasaje\/catamaran\/#breadcrumb\",\"itemListElement\":[{\"@type\":\"ListItem\",\"position\":1,\"name\":\"Portada\",\"item\":\"https:\/\/navpax.com\/es\/\"},{\"@type\":\"ListItem\",\"position\":2,\"name\":\"Barcos de pasaje\",\"item\":\"https:\/\/navpax.com\/es\/barcos-de-pasaje\/\"},{\"@type\":\"ListItem\",\"position\":3,\"name\":\"Catamar\u00e1n\"}]},{\"@type\":\"WebSite\",\"@id\":\"https:\/\/navpax.com\/es\/#website\",\"url\":\"https:\/\/navpax.com\/es\/\",\"name\":\"Navpax - Especialistas en venta de barcos y buques de pasajeros\",\"description\":\"NAVPAX es una empresa especializada y dedicada exclusivamente a la venta de buques de pasaje. Informaci\u00f3n al 635 87 95 98.\",\"publisher\":{\"@id\":\"https:\/\/navpax.com\/es\/#organization\"},\"potentialAction\":[{\"@type\":\"SearchAction\",\"target\":{\"@type\":\"EntryPoint\",\"urlTemplate\":\"https:\/\/navpax.com\/es\/?s={search_term_string}\"},\"query-input\":{\"@type\":\"PropertyValueSpecification\",\"valueRequired\":true,\"valueName\":\"search_term_string\"}}],\"inLanguage\":\"es\"},{\"@type\":\"Organization\",\"@id\":\"https:\/\/navpax.com\/es\/#organization\",\"name\":\"Navpax - Especialistas en venta de barcos y buques de pasajeros\",\"url\":\"https:\/\/navpax.com\/es\/\",\"logo\":{\"@type\":\"ImageObject\",\"inLanguage\":\"es\",\"@id\":\"https:\/\/navpax.com\/es\/#\/schema\/logo\/image\/\",\"url\":\"https:\/\/navpax.com\/wp-content\/uploads\/2022\/06\/navpax-logo-fr.png\",\"contentUrl\":\"https:\/\/navpax.com\/wp-content\/uploads\/2022\/06\/navpax-logo-fr.png\",\"width\":320,\"height\":141,\"caption\":\"Navpax - Especialistas en venta de barcos y buques de pasajeros\"},\"image\":{\"@id\":\"https:\/\/navpax.com\/es\/#\/schema\/logo\/image\/\"}}]}<\/script>\n<!-- \/ Yoast SEO plugin. -->","yoast_head_json":{"title":"Catamar\u00e1n de ocasi\u00f3n en venta","description":"Barcos de pasajeros de ocasion en venta en esta p\u00e1gina, catamaranes de todo tipo, tanto con vision submarina o sin ella, el\u00e9ctricos o no.","robots":{"index":"index","follow":"follow","max-snippet":"max-snippet:-1","max-image-preview":"max-image-preview:large","max-video-preview":"max-video-preview:-1"},"canonical":"https:\/\/navpax.com\/es\/barcos-de-pasaje\/catamaran\/","og_locale":"es_ES","og_type":"article","og_title":"Catamar\u00e1n de ocasi\u00f3n en venta","og_description":"Barcos de pasajeros de ocasion en venta en esta p\u00e1gina, catamaranes de todo tipo, tanto con vision submarina o sin ella, el\u00e9ctricos o no.","og_url":"https:\/\/navpax.com\/es\/barcos-de-pasaje\/catamaran\/","og_site_name":"Navpax - Especialistas en venta de barcos y buques de pasajeros","article_modified_time":"2024-01-29T07:09:26+00:00","twitter_card":"summary_large_image","twitter_misc":{"Tiempo de lectura":"1 minuto"},"schema":{"@context":"https:\/\/schema.org","@graph":[{"@type":"WebPage","@id":"https:\/\/navpax.com\/es\/barcos-de-pasaje\/catamaran\/","url":"https:\/\/navpax.com\/es\/barcos-de-pasaje\/catamaran\/","name":"Catamar\u00e1n de ocasi\u00f3n en venta","isPartOf":{"@id":"https:\/\/navpax.com\/es\/#website"},"datePublished":"2022-06-13T08:36:56+00:00","dateModified":"2024-01-29T07:09:26+00:00","description":"Barcos de pasajeros de ocasion en venta en esta p\u00e1gina, catamaranes de todo tipo, tanto con vision submarina o sin ella, el\u00e9ctricos o no.","breadcrumb":{"@id":"https:\/\/navpax.com\/es\/barcos-de-pasaje\/catamaran\/#breadcrumb"},"inLanguage":"es","potentialAction":[{"@type":"ReadAction","target":["https:\/\/navpax.com\/es\/barcos-de-pasaje\/catamaran\/"]}]},{"@type":"BreadcrumbList","@id":"https:\/\/navpax.com\/es\/barcos-de-pasaje\/catamaran\/#breadcrumb","itemListElement":[{"@type":"ListItem","position":1,"name":"Portada","item":"https:\/\/navpax.com\/es\/"},{"@type":"ListItem","position":2,"name":"Barcos de pasaje","item":"https:\/\/navpax.com\/es\/barcos-de-pasaje\/"},{"@type":"ListItem","position":3,"name":"Catamar\u00e1n"}]},{"@type":"WebSite","@id":"https:\/\/navpax.com\/es\/#website","url":"https:\/\/navpax.com\/es\/","name":"Navpax - Especialistas en venta de barcos y buques de pasajeros","description":"NAVPAX es una empresa especializada y dedicada exclusivamente a la venta de buques de pasaje. Informaci\u00f3n al 635 87 95 98.","publisher":{"@id":"https:\/\/navpax.com\/es\/#organization"},"potentialAction":[{"@type":"SearchAction","target":{"@type":"EntryPoint","urlTemplate":"https:\/\/navpax.com\/es\/?s={search_term_string}"},"query-input":{"@type":"PropertyValueSpecification","valueRequired":true,"valueName":"search_term_string"}}],"inLanguage":"es"},{"@type":"Organization","@id":"https:\/\/navpax.com\/es\/#organization","name":"Navpax - Especialistas en venta de barcos y buques de pasajeros","url":"https:\/\/navpax.com\/es\/","logo":{"@type":"ImageObject","inLanguage":"es","@id":"https:\/\/navpax.com\/es\/#\/schema\/logo\/image\/","url":"https:\/\/navpax.com\/wp-content\/uploads\/2022\/06\/navpax-logo-fr.png","contentUrl":"https:\/\/navpax.com\/wp-content\/uploads\/2022\/06\/navpax-logo-fr.png","width":320,"height":141,"caption":"Navpax - Especialistas en venta de barcos y buques de pasajeros"},"image":{"@id":"https:\/\/navpax.com\/es\/#\/schema\/logo\/image\/"}}]}},"_links":{"self":[{"href":"https:\/\/navpax.com\/es\/wp-json\/wp\/v2\/pages\/1497","targetHints":{"allow":["GET"]}}],"collection":[{"href":"https:\/\/navpax.com\/es\/wp-json\/wp\/v2\/pages"}],"about":[{"href":"https:\/\/navpax.com\/es\/wp-json\/wp\/v2\/types\/page"}],"author":[{"embeddable":true,"href":"https:\/\/navpax.com\/es\/wp-json\/wp\/v2\/users\/1"}],"replies":[{"embeddable":true,"href":"https:\/\/navpax.com\/es\/wp-json\/wp\/v2\/comments?post=1497"}],"version-history":[{"count":4,"href":"https:\/\/navpax.com\/es\/wp-json\/wp\/v2\/pages\/1497\/revisions"}],"predecessor-version":[{"id":5317,"href":"https:\/\/navpax.com\/es\/wp-json\/wp\/v2\/pages\/1497\/revisions\/5317"}],"up":[{"embeddable":true,"href":"https:\/\/navpax.com\/es\/wp-json\/wp\/v2\/pages\/1467"}],"wp:attachment":[{"href":"https:\/\/navpax.com\/es\/wp-json\/wp\/v2\/media?parent=1497"}],"curies":[{"name":"wp","href":"https:\/\/api.w.org\/{rel}","templated":true}]}}