{"id":1480,"date":"2016-07-28T08:53:39","date_gmt":"2016-07-28T06:53:39","guid":{"rendered":"https:\/\/navpax.com\/contact\/"},"modified":"2022-09-14T12:33:42","modified_gmt":"2022-09-14T10:33:42","slug":"contacto","status":"publish","type":"page","link":"https:\/\/navpax.com\/es\/contacto\/","title":{"rendered":"CONTACTO"},"content":{"rendered":"<p>[vc_row equal_height=\u00bbyes\u00bb content_placement=\u00bbmiddle\u00bb][vc_column][vc_row_inner equal_height=\u00bbyes\u00bb content_placement=\u00bbmiddle\u00bb][vc_column_inner width=\u00bb1\/4&#8243;][\/vc_column_inner][vc_column_inner width=\u00bb1\/2&#8243; css=\u00bb.vc_custom_1654757109453{background-image: url(https:\/\/navpax.com\/wp-content\/uploads\/2022\/06\/NAVPAX.png?id=1128) !important;background-position: center !important;background-repeat: no-repeat !important;background-size: contain !important;}\u00bb]<h1 class=\"sc_title sc_title_regular centrar-texto margin_top_null margin_bottom_null\" data-animation=\"animated fadeIn normal\"><\/p>\n<h6 style=\"margin-top: 0px !important; margin-bottom: 0px !important; text-align: center;\">\u00bfQUIERE COMPRAR UN BUQUE?<\/h6>\n<h2 style=\"margin-top: 0px !important; text-align: center;\">CONTACTE CON NOSOTROS<\/h2>\n<p><\/h1>[\/vc_column_inner][vc_column_inner width=\u00bb1\/4&#8243;][\/vc_column_inner][\/vc_row_inner][\/vc_column][\/vc_row][vc_row][vc_column]<div class=\"sc_section margin_top_px_50\" data-animation=\"animated fadeInUp normal\"><div class=\"sc_section_inner\"><div class=\"sc_section_content_wrap\"><div class=\"columns_wrap sc_columns columns_nofluid sc_columns_count_3 margin_right_px_30 margin_left_px_30\"><div class=\"column-2_3 sc_column_item sc_column_item_1 odd first span_2\">\n<div class=\"wpcf7 no-js\" id=\"wpcf7-f1030-o1\" lang=\"es-ES\" dir=\"ltr\" data-wpcf7-id=\"1030\">\n<div class=\"screen-reader-response\"><p role=\"status\" aria-live=\"polite\" aria-atomic=\"true\"><\/p> <ul><\/ul><\/div>\n<form action=\"\/es\/wp-json\/wp\/v2\/pages\/1480#wpcf7-f1030-o1\" method=\"post\" class=\"wpcf7-form init\" aria-label=\"Formulario de contacto\" novalidate=\"novalidate\" data-status=\"init\">\n<fieldset class=\"hidden-fields-container\"><input type=\"hidden\" name=\"_wpcf7\" value=\"1030\" \/><input type=\"hidden\" name=\"_wpcf7_version\" value=\"6.1.2\" \/><input type=\"hidden\" name=\"_wpcf7_locale\" value=\"es_ES\" \/><input type=\"hidden\" name=\"_wpcf7_unit_tag\" value=\"wpcf7-f1030-o1\" \/><input type=\"hidden\" name=\"_wpcf7_container_post\" value=\"0\" \/><input type=\"hidden\" name=\"_wpcf7_posted_data_hash\" value=\"\" \/>\n<\/fieldset>\n<div class=\"form_item\">\n\t<p><label>Su nombre*<\/label><br \/>\n<span class=\"wpcf7-form-control-wrap\" data-name=\"text-515\"><input size=\"40\" maxlength=\"400\" class=\"wpcf7-form-control wpcf7-text wpcf7-validates-as-required\" aria-required=\"true\" aria-invalid=\"false\" value=\"\" type=\"text\" name=\"text-515\" \/><\/span>\n\t<\/p>\n<\/div>\n<div class=\"form_info\">\n\t<div class=\"form_item\">\n\t\t<p><label>Su email de contacto*<\/label><br \/>\n<span class=\"wpcf7-form-control-wrap\" data-name=\"email-860\"><input size=\"40\" maxlength=\"400\" class=\"wpcf7-form-control wpcf7-email wpcf7-validates-as-required wpcf7-text wpcf7-validates-as-email\" aria-required=\"true\" aria-invalid=\"false\" value=\"\" type=\"email\" name=\"email-860\" \/><\/span>\n\t\t<\/p>\n\t<\/div>\n\t<div class=\"form_item\">\n\t\t<p><label>Su tel\u00e9fono de contacto*<\/label><br \/>\n<span class=\"wpcf7-form-control-wrap\" data-name=\"tel-800\"><input size=\"40\" maxlength=\"400\" class=\"wpcf7-form-control wpcf7-tel wpcf7-validates-as-required wpcf7-text wpcf7-validates-as-tel\" aria-required=\"true\" aria-invalid=\"false\" value=\"\" type=\"tel\" name=\"tel-800\" \/><\/span>\n\t\t<\/p>\n\t<\/div>\n<\/div>\n<div class=\"form_item\">\n\t<p><label>Asunto*<\/label><br \/>\n<span class=\"wpcf7-form-control-wrap\" data-name=\"text-85\"><input size=\"40\" maxlength=\"400\" class=\"wpcf7-form-control wpcf7-text wpcf7-validates-as-required\" aria-required=\"true\" aria-invalid=\"false\" value=\"\" type=\"text\" name=\"text-85\" \/><\/span>\n\t<\/p>\n<\/div>\n<p><span id=\"wpcf7-69e07917a1b96-wrapper\" class=\"wpcf7-form-control-wrap su-empresa-wrap\" style=\"display:none !important; visibility:hidden !important;\"><label for=\"wpcf7-69e07917a1b96-field\" class=\"hp-message\">Por favor, deja este campo vac\u00edo.<\/label><input id=\"wpcf7-69e07917a1b96-field\"  class=\"wpcf7-form-control wpcf7-text\" type=\"text\" name=\"su-empresa\" value=\"\" size=\"40\" tabindex=\"-1\" autocomplete=\"new-password\" \/><\/span><br \/>\n<label>Mensaje*<\/label><br \/>\n<span class=\"wpcf7-form-control-wrap\" data-name=\"textarea-575\"><textarea cols=\"40\" rows=\"5\" maxlength=\"2000\" class=\"wpcf7-form-control wpcf7-textarea wpcf7-validates-as-required\" aria-required=\"true\" aria-invalid=\"false\" name=\"textarea-575\"><\/textarea><\/span><br \/>\n<span class=\"wpcf7-form-control-wrap\" data-name=\"acceptance-500\"><span class=\"wpcf7-form-control wpcf7-acceptance\"><span class=\"wpcf7-list-item\"><label><input type=\"checkbox\" name=\"acceptance-500\" value=\"1\" aria-invalid=\"false\" \/><span class=\"wpcf7-list-item-label\">Al marcar esta casilla y enviar este formulario, acepto que mis datos personales se utilizar\u00e1n para contactarme como parte de mi solicitud indicada en este formulario. No se realizar\u00e1 ning\u00fan otro tratamiento con mi informaci\u00f3n.<\/span><\/label><\/span><\/span><\/span>\n<\/p>\n<div id=\"cf7sr-69e07917a1e37\" class=\"cf7sr-g-recaptcha\" data-theme=\"light\" data-type=\"image\" data-size=\"normal\" data-sitekey=\"6LeJ49MgAAAAAMKQpVr3_st3leobJ5pLm3XyKb5X\"><\/div><span class=\"wpcf7-form-control-wrap cf7sr-recaptcha\" data-name=\"cf7sr-recaptcha\"><input type=\"hidden\" name=\"cf7sr-recaptcha\" value=\"\" class=\"wpcf7-form-control\"><\/span>\n<\/p>\n<p><input class=\"wpcf7-form-control wpcf7-submit has-spinner\" type=\"submit\" value=\"Enviar mensaje\" \/>\n<\/p><div class=\"wpcf7-response-output\" aria-hidden=\"true\"><\/div>\n<\/form>\n<\/div>\n<\/div><div class=\"column-1_3 sc_column_item sc_column_item_3 odd after_span_2\">[vc_column_text css=\u00bb.vc_custom_1654757627383{margin-top: 2em !important;}\u00bb]<\/p>\n<h3>Tel\u00e9fonos<\/h3>\n<p><a href=\"tel: +330602383503\"><img decoding=\"async\" src=\"https:\/\/navpax.com\/wp-content\/uploads\/2022\/06\/francia_bandera.png\" \/> +33 06 02 38 35 03<\/a><\/p>\n<p><a href=\"tel:+34635879598\"><img decoding=\"async\" src=\"https:\/\/navpax.com\/wp-content\/uploads\/2022\/06\/espana_bandera.png\" \/> +34 635 87 95 98<\/a>[\/vc_column_text][vc_column_text css=\u00bb.vc_custom_1659339231020{margin-top: 2em !important;}\u00bb]<\/p>\n<h3>E-mail<\/h3>\n<p><a href=\"mailto:contact@navpax.com\"><img decoding=\"async\" src=\"https:\/\/navpax.com\/wp-content\/uploads\/2022\/06\/icono_at.png\" alt=\"correo\" \/> contact@navpax.com<\/a>[\/vc_column_text]<\/div><\/div><\/div><\/div><\/div>[vc_row_inner][vc_column_inner width=\u00bb1\/4&#8243;][\/vc_column_inner][vc_column_inner width=\u00bb1\/2&#8243;][vc_single_image image=\u00bb1103&#8243; alignment=\u00bbcenter\u00bb css=\u00bb.vc_custom_1654595790181{padding-top: 20px !important;padding-bottom: 40px !important;}\u00bb][\/vc_column_inner][vc_column_inner width=\u00bb1\/4&#8243;][\/vc_column_inner][\/vc_row_inner][\/vc_column][\/vc_row]<\/p>\n","protected":false},"excerpt":{"rendered":"<p>[vc_row equal_height=\u00bbyes\u00bb content_placement=\u00bbmiddle\u00bb][vc_column][vc_row_inner equal_height=\u00bbyes\u00bb content_placement=\u00bbmiddle\u00bb][vc_column_inner width=\u00bb1\/4&#8243;][\/vc_column_inner][vc_column_inner width=\u00bb1\/2&#8243; css=\u00bb.vc_custom_1654757109453{background-image: url(https:\/\/navpax.com\/wp-content\/uploads\/2022\/06\/NAVPAX.png?id=1128) !important;background-position: center !important;background-repeat: no-repeat !important;background-size: contain !important;}\u00bb][\/vc_column_inner][vc_column_inner width=\u00bb1\/4&#8243;][\/vc_column_inner][\/vc_row_inner][\/vc_column][\/vc_row][vc_row][vc_column][vc_row_inner][vc_column_inner width=\u00bb1\/4&#8243;][\/vc_column_inner][vc_column_inner width=\u00bb1\/2&#8243;][vc_single_image image=\u00bb1103&#8243; alignment=\u00bbcenter\u00bb css=\u00bb.vc_custom_1654595790181{padding-top: 20px !important;padding-bottom: 40px !important;}\u00bb][\/vc_column_inner][vc_column_inner width=\u00bb1\/4&#8243;][\/vc_column_inner][\/vc_row_inner][\/vc_column][\/vc_row]<\/p>\n","protected":false},"author":1,"featured_media":0,"parent":0,"menu_order":0,"comment_status":"closed","ping_status":"closed","template":"","meta":{"footnotes":""},"class_list":["post-1480","page","type-page","status-publish","hentry"],"yoast_head":"<!-- This site is optimized with the Yoast SEO plugin v26.0 - https:\/\/yoast.com\/wordpress\/plugins\/seo\/ -->\n<title>CONTACTO \u2388 NAVPAX<\/title>\n<meta name=\"description\" content=\"\u00bfQuiere comprar un buque? Contacte con Nosotros - Navpax - Especialistas en venta de barcos y buques de pasajeros\" \/>\n<meta name=\"robots\" content=\"index, follow, max-snippet:-1, max-image-preview:large, max-video-preview:-1\" \/>\n<link rel=\"canonical\" href=\"https:\/\/navpax.com\/es\/contacto\/\" \/>\n<meta property=\"og:locale\" content=\"es_ES\" \/>\n<meta property=\"og:type\" content=\"article\" \/>\n<meta property=\"og:title\" content=\"CONTACTO \u2388 NAVPAX\" \/>\n<meta property=\"og:description\" content=\"\u00bfQuiere comprar un buque? Contacte con Nosotros - Navpax - Especialistas en venta de barcos y buques de pasajeros\" \/>\n<meta property=\"og:url\" content=\"https:\/\/navpax.com\/es\/contacto\/\" \/>\n<meta property=\"og:site_name\" content=\"Navpax - Especialistas en venta de barcos y buques de pasajeros\" \/>\n<meta property=\"article:modified_time\" content=\"2022-09-14T10:33:42+00:00\" \/>\n<meta property=\"og:image\" content=\"https:\/\/navpax.com\/wp-content\/uploads\/2022\/06\/francia_bandera.png\" \/>\n<meta name=\"twitter:card\" content=\"summary_large_image\" \/>\n<meta name=\"twitter:label1\" content=\"Tiempo de lectura\" \/>\n\t<meta name=\"twitter:data1\" content=\"1 minuto\" \/>\n<script type=\"application\/ld+json\" class=\"yoast-schema-graph\">{\"@context\":\"https:\/\/schema.org\",\"@graph\":[{\"@type\":\"WebPage\",\"@id\":\"https:\/\/navpax.com\/es\/contacto\/\",\"url\":\"https:\/\/navpax.com\/es\/contacto\/\",\"name\":\"CONTACTO \u2388 NAVPAX\",\"isPartOf\":{\"@id\":\"https:\/\/navpax.com\/es\/#website\"},\"primaryImageOfPage\":{\"@id\":\"https:\/\/navpax.com\/es\/contacto\/#primaryimage\"},\"image\":{\"@id\":\"https:\/\/navpax.com\/es\/contacto\/#primaryimage\"},\"thumbnailUrl\":\"https:\/\/navpax.com\/wp-content\/uploads\/2022\/06\/francia_bandera.png\",\"datePublished\":\"2016-07-28T06:53:39+00:00\",\"dateModified\":\"2022-09-14T10:33:42+00:00\",\"description\":\"\u00bfQuiere comprar un buque? Contacte con Nosotros - Navpax - Especialistas en venta de barcos y buques de pasajeros\",\"breadcrumb\":{\"@id\":\"https:\/\/navpax.com\/es\/contacto\/#breadcrumb\"},\"inLanguage\":\"es\",\"potentialAction\":[{\"@type\":\"ReadAction\",\"target\":[\"https:\/\/navpax.com\/es\/contacto\/\"]}]},{\"@type\":\"ImageObject\",\"inLanguage\":\"es\",\"@id\":\"https:\/\/navpax.com\/es\/contacto\/#primaryimage\",\"url\":\"https:\/\/navpax.com\/wp-content\/uploads\/2022\/06\/francia_bandera.png\",\"contentUrl\":\"https:\/\/navpax.com\/wp-content\/uploads\/2022\/06\/francia_bandera.png\"},{\"@type\":\"BreadcrumbList\",\"@id\":\"https:\/\/navpax.com\/es\/contacto\/#breadcrumb\",\"itemListElement\":[{\"@type\":\"ListItem\",\"position\":1,\"name\":\"Portada\",\"item\":\"https:\/\/navpax.com\/es\/\"},{\"@type\":\"ListItem\",\"position\":2,\"name\":\"CONTACTO\"}]},{\"@type\":\"WebSite\",\"@id\":\"https:\/\/navpax.com\/es\/#website\",\"url\":\"https:\/\/navpax.com\/es\/\",\"name\":\"Navpax - Especialistas en venta de barcos y buques de pasajeros\",\"description\":\"NAVPAX es una empresa especializada y dedicada exclusivamente a la venta de buques de pasaje. Informaci\u00f3n al 635 87 95 98.\",\"publisher\":{\"@id\":\"https:\/\/navpax.com\/es\/#organization\"},\"potentialAction\":[{\"@type\":\"SearchAction\",\"target\":{\"@type\":\"EntryPoint\",\"urlTemplate\":\"https:\/\/navpax.com\/es\/?s={search_term_string}\"},\"query-input\":{\"@type\":\"PropertyValueSpecification\",\"valueRequired\":true,\"valueName\":\"search_term_string\"}}],\"inLanguage\":\"es\"},{\"@type\":\"Organization\",\"@id\":\"https:\/\/navpax.com\/es\/#organization\",\"name\":\"Navpax - Especialistas en venta de barcos y buques de pasajeros\",\"url\":\"https:\/\/navpax.com\/es\/\",\"logo\":{\"@type\":\"ImageObject\",\"inLanguage\":\"es\",\"@id\":\"https:\/\/navpax.com\/es\/#\/schema\/logo\/image\/\",\"url\":\"https:\/\/navpax.com\/wp-content\/uploads\/2022\/06\/navpax-logo-fr.png\",\"contentUrl\":\"https:\/\/navpax.com\/wp-content\/uploads\/2022\/06\/navpax-logo-fr.png\",\"width\":320,\"height\":141,\"caption\":\"Navpax - Especialistas en venta de barcos y buques de pasajeros\"},\"image\":{\"@id\":\"https:\/\/navpax.com\/es\/#\/schema\/logo\/image\/\"}}]}<\/script>\n<!-- \/ Yoast SEO plugin. -->","yoast_head_json":{"title":"CONTACTO \u2388 NAVPAX","description":"\u00bfQuiere comprar un buque? Contacte con Nosotros - Navpax - Especialistas en venta de barcos y buques de pasajeros","robots":{"index":"index","follow":"follow","max-snippet":"max-snippet:-1","max-image-preview":"max-image-preview:large","max-video-preview":"max-video-preview:-1"},"canonical":"https:\/\/navpax.com\/es\/contacto\/","og_locale":"es_ES","og_type":"article","og_title":"CONTACTO \u2388 NAVPAX","og_description":"\u00bfQuiere comprar un buque? Contacte con Nosotros - Navpax - Especialistas en venta de barcos y buques de pasajeros","og_url":"https:\/\/navpax.com\/es\/contacto\/","og_site_name":"Navpax - Especialistas en venta de barcos y buques de pasajeros","article_modified_time":"2022-09-14T10:33:42+00:00","og_image":[{"url":"https:\/\/navpax.com\/wp-content\/uploads\/2022\/06\/francia_bandera.png","type":"","width":"","height":""}],"twitter_card":"summary_large_image","twitter_misc":{"Tiempo de lectura":"1 minuto"},"schema":{"@context":"https:\/\/schema.org","@graph":[{"@type":"WebPage","@id":"https:\/\/navpax.com\/es\/contacto\/","url":"https:\/\/navpax.com\/es\/contacto\/","name":"CONTACTO \u2388 NAVPAX","isPartOf":{"@id":"https:\/\/navpax.com\/es\/#website"},"primaryImageOfPage":{"@id":"https:\/\/navpax.com\/es\/contacto\/#primaryimage"},"image":{"@id":"https:\/\/navpax.com\/es\/contacto\/#primaryimage"},"thumbnailUrl":"https:\/\/navpax.com\/wp-content\/uploads\/2022\/06\/francia_bandera.png","datePublished":"2016-07-28T06:53:39+00:00","dateModified":"2022-09-14T10:33:42+00:00","description":"\u00bfQuiere comprar un buque? Contacte con Nosotros - Navpax - Especialistas en venta de barcos y buques de pasajeros","breadcrumb":{"@id":"https:\/\/navpax.com\/es\/contacto\/#breadcrumb"},"inLanguage":"es","potentialAction":[{"@type":"ReadAction","target":["https:\/\/navpax.com\/es\/contacto\/"]}]},{"@type":"ImageObject","inLanguage":"es","@id":"https:\/\/navpax.com\/es\/contacto\/#primaryimage","url":"https:\/\/navpax.com\/wp-content\/uploads\/2022\/06\/francia_bandera.png","contentUrl":"https:\/\/navpax.com\/wp-content\/uploads\/2022\/06\/francia_bandera.png"},{"@type":"BreadcrumbList","@id":"https:\/\/navpax.com\/es\/contacto\/#breadcrumb","itemListElement":[{"@type":"ListItem","position":1,"name":"Portada","item":"https:\/\/navpax.com\/es\/"},{"@type":"ListItem","position":2,"name":"CONTACTO"}]},{"@type":"WebSite","@id":"https:\/\/navpax.com\/es\/#website","url":"https:\/\/navpax.com\/es\/","name":"Navpax - Especialistas en venta de barcos y buques de pasajeros","description":"NAVPAX es una empresa especializada y dedicada exclusivamente a la venta de buques de pasaje. Informaci\u00f3n al 635 87 95 98.","publisher":{"@id":"https:\/\/navpax.com\/es\/#organization"},"potentialAction":[{"@type":"SearchAction","target":{"@type":"EntryPoint","urlTemplate":"https:\/\/navpax.com\/es\/?s={search_term_string}"},"query-input":{"@type":"PropertyValueSpecification","valueRequired":true,"valueName":"search_term_string"}}],"inLanguage":"es"},{"@type":"Organization","@id":"https:\/\/navpax.com\/es\/#organization","name":"Navpax - Especialistas en venta de barcos y buques de pasajeros","url":"https:\/\/navpax.com\/es\/","logo":{"@type":"ImageObject","inLanguage":"es","@id":"https:\/\/navpax.com\/es\/#\/schema\/logo\/image\/","url":"https:\/\/navpax.com\/wp-content\/uploads\/2022\/06\/navpax-logo-fr.png","contentUrl":"https:\/\/navpax.com\/wp-content\/uploads\/2022\/06\/navpax-logo-fr.png","width":320,"height":141,"caption":"Navpax - Especialistas en venta de barcos y buques de pasajeros"},"image":{"@id":"https:\/\/navpax.com\/es\/#\/schema\/logo\/image\/"}}]}},"_links":{"self":[{"href":"https:\/\/navpax.com\/es\/wp-json\/wp\/v2\/pages\/1480","targetHints":{"allow":["GET"]}}],"collection":[{"href":"https:\/\/navpax.com\/es\/wp-json\/wp\/v2\/pages"}],"about":[{"href":"https:\/\/navpax.com\/es\/wp-json\/wp\/v2\/types\/page"}],"author":[{"embeddable":true,"href":"https:\/\/navpax.com\/es\/wp-json\/wp\/v2\/users\/1"}],"replies":[{"embeddable":true,"href":"https:\/\/navpax.com\/es\/wp-json\/wp\/v2\/comments?post=1480"}],"version-history":[{"count":0,"href":"https:\/\/navpax.com\/es\/wp-json\/wp\/v2\/pages\/1480\/revisions"}],"wp:attachment":[{"href":"https:\/\/navpax.com\/es\/wp-json\/wp\/v2\/media?parent=1480"}],"curies":[{"name":"wp","href":"https:\/\/api.w.org\/{rel}","templated":true}]}}