{"id":1449,"date":"2016-07-28T05:26:59","date_gmt":"2016-07-28T03:26:59","guid":{"rendered":"https:\/\/navpax.com\/a-propos\/"},"modified":"2022-09-14T12:31:09","modified_gmt":"2022-09-14T10:31:09","slug":"quienes-somos","status":"publish","type":"page","link":"https:\/\/navpax.com\/es\/quienes-somos\/","title":{"rendered":"QUIENES SOMOS"},"content":{"rendered":"<p>[vc_row css=\u00bb.vc_custom_1655450370821{padding-top: 20px !important;}\u00bb][vc_column]<div class=\"sc_section\" data-animation=\"animated fadeInUp normal\"><div class=\"sc_section_inner\"><div class=\"sc_section_content_wrap\"><h3 class=\"sc_title sc_title_regular sc_align_center margin_top_null margin_bottom_null\" style=\"text-align:center;\" data-animation=\"animated fadeIn normal\"><\/p>\n<h6 style=\"margin-top: 0px !important; margin-bottom: 0px !important; text-align: center;\">ATENCI\u00d3N PERSONALIZADA<\/h6>\n<h2 style=\"margin-top: 0px !important; text-align: center;\">NAVPAX LE APOYA EN TODAS LAS ETAPAS DE SU PROYECTO<\/h2>\n<p><\/h3>[vc_empty_space height=\u00bb1.5em\u00bb]<figure class=\"sc_image  alignleft sc_image_shape_square\" style=\"width:50%;\"><img decoding=\"async\" src=\"https:\/\/navpax.com\/wp-content\/uploads\/2022\/07\/puerto-malaga.jpg\" alt=\"\" \/><figcaption><span><\/span> Puerto de M\u00e1laga<\/figcaption><\/figure>[vc_empty_space height=\u00bb10em\u00bb][vc_column_text]<span style=\"font-size: 14pt;\">Armador de buques de pasaje desde m\u00e1s de 15 a\u00f1os pero tambi\u00e9n capit\u00e1n, NAVPAX nace desde la experiencia de la compra y venta de mis propios barcos a lo largo de estos a\u00f1os.<\/span>[\/vc_column_text]<\/div><\/div><\/div>[\/vc_column][\/vc_row][vc_row][vc_column]<div class=\"sc_line sc_line_position_center_center sc_line_style_solid margin_top_px_80 margin_bottom_px_100\" style=\"border-top-style:solid;\"><\/div>[\/vc_column][\/vc_row][vc_row css=\u00bb.vc_custom_1654672303000{border-bottom-width: 80px !important;}\u00bb][vc_column]<div class=\"sc_section\" data-animation=\"animated fadeInUp normal\"><div class=\"sc_section_inner\"><div class=\"sc_section_content_wrap\"><h3 class=\"sc_title sc_title_regular sc_align_center margin_top_null margin_bottom_null\" style=\"text-align:center;\" data-animation=\"animated fadeIn normal\"><\/p>\n<h6 style=\"margin-top: 0px !important; margin-bottom: 0px !important; text-align: center;\">POR QU\u00c9 ELEGIRNOS<\/h6>\n<h2 style=\"margin-top: 0px !important; text-align: center;\">NUESTRAS VENTAJAS<\/h2>\n<p><\/h3><div class=\"columns_wrap sc_columns columns_nofluid sc_columns_count_1\"><div class=\"column-1_1 sc_column_item sc_column_item_1 odd first\"><ul class=\"sc_list sc_list_style_iconed\"><li class=\"sc_list_item odd first\"><span class=\"sc_list_icon icon-dot\" style=\"color:#dd3333;\"><\/span>[vc_column_text]<span style=\"font-size: 12pt;\">Ofrecemos una gama de barcos amplia y de calidad<\/span>[\/vc_column_text]<\/li><li class=\"sc_list_item even\"><span class=\"sc_list_icon icon-dot\" style=\"color:#dd3333;\"><\/span>[vc_column_text]<span style=\"font-size: 12pt;\">Nos implicamos y les acompa\u00f1amos en su proyecto desde el principio hasta el final en todas las fases de la venta o compra del barco<\/span>[\/vc_column_text]<\/li><li class=\"sc_list_item odd\"><span class=\"sc_list_icon icon-dot\" style=\"color:#dd3333;\"><\/span>[vc_column_text]<span style=\"font-size: 12pt;\">Acompa\u00f1amos al cliente durante las visitas del barco y facilitamos el trato entre las partes<\/span>[\/vc_column_text]<\/li><li class=\"sc_list_item even\"><span class=\"sc_list_icon icon-dot\" style=\"color:#dd3333;\"><\/span>[vc_column_text]<span style=\"font-size: 12pt;\">Tratamos su operaci\u00f3n, su proyecto de forma personal y profesional<\/span>[\/vc_column_text]<\/li><li class=\"sc_list_item odd\"><span class=\"sc_list_icon icon-dot\" style=\"color:#dd3333;\"><\/span>[vc_column_text]<span style=\"font-size: 12pt;\">Por nuestro conocimiento de los barcos de pasajes y nuestros contactos<\/span>[\/vc_column_text]<\/li><li class=\"sc_list_item even\"><span class=\"sc_list_icon icon-dot\" style=\"color:#dd3333;\"><\/span>[vc_column_text]<span style=\"font-size: 12pt;\">Colaboramos con las empresas de clasificaci\u00f3n internacionales como Bureau Veritas, Rina, Lloyds.<\/span>[\/vc_column_text]<\/li><\/ul><\/div><\/div><\/div><\/div><\/div>[\/vc_column][\/vc_row][vc_row css=\u00bb.vc_custom_1654672342643{padding-top: 80px !important;padding-bottom: 80px !important;}\u00bb][vc_column width=\u00bb1\/4&#8243;][\/vc_column][vc_column width=\u00bb1\/2&#8243;][vc_single_image image=\u00bb1103&#8243; alignment=\u00bbcenter\u00bb][\/vc_column][vc_column width=\u00bb1\/4&#8243;][\/vc_column][\/vc_row]<\/p>\n","protected":false},"excerpt":{"rendered":"<p>[vc_row css=\u00bb.vc_custom_1655450370821{padding-top: 20px !important;}\u00bb][vc_column][\/vc_column][\/vc_row][vc_row][vc_column][\/vc_column][\/vc_row][vc_row css=\u00bb.vc_custom_1654672303000{border-bottom-width: 80px !important;}\u00bb][vc_column][\/vc_column][\/vc_row][vc_row css=\u00bb.vc_custom_1654672342643{padding-top: 80px !important;padding-bottom: 80px !important;}\u00bb][vc_column width=\u00bb1\/4&#8243;][\/vc_column][vc_column width=\u00bb1\/2&#8243;][vc_single_image image=\u00bb1103&#8243; alignment=\u00bbcenter\u00bb][\/vc_column][vc_column width=\u00bb1\/4&#8243;][\/vc_column][\/vc_row]<\/p>\n","protected":false},"author":1,"featured_media":0,"parent":0,"menu_order":0,"comment_status":"closed","ping_status":"closed","template":"","meta":{"footnotes":""},"class_list":["post-1449","page","type-page","status-publish","hentry"],"yoast_head":"<!-- This site is optimized with the Yoast SEO plugin v26.0 - https:\/\/yoast.com\/wordpress\/plugins\/seo\/ -->\n<title>QUIENES SOMOS \u2388 NAVPAX<\/title>\n<meta name=\"description\" content=\"Armador de buques de pasaje desde m\u00e1s de 15 a\u00f1os pero tambi\u00e9n capit\u00e1n, NAVPAX nace desde la experiencia de la compra.\" \/>\n<meta name=\"robots\" content=\"index, follow, max-snippet:-1, max-image-preview:large, max-video-preview:-1\" \/>\n<link rel=\"canonical\" href=\"https:\/\/navpax.com\/es\/quienes-somos\/\" \/>\n<meta property=\"og:locale\" content=\"es_ES\" \/>\n<meta property=\"og:type\" content=\"article\" \/>\n<meta property=\"og:title\" content=\"QUIENES SOMOS \u2388 NAVPAX\" \/>\n<meta property=\"og:description\" content=\"Armador de buques de pasaje desde m\u00e1s de 15 a\u00f1os pero tambi\u00e9n capit\u00e1n, NAVPAX nace desde la experiencia de la compra.\" \/>\n<meta property=\"og:url\" content=\"https:\/\/navpax.com\/es\/quienes-somos\/\" \/>\n<meta property=\"og:site_name\" content=\"Navpax - Especialistas en venta de barcos y buques de pasajeros\" \/>\n<meta property=\"article:modified_time\" content=\"2022-09-14T10:31:09+00:00\" \/>\n<meta name=\"twitter:card\" content=\"summary_large_image\" \/>\n<meta name=\"twitter:label1\" content=\"Tiempo de lectura\" \/>\n\t<meta name=\"twitter:data1\" content=\"1 minuto\" \/>\n<script type=\"application\/ld+json\" class=\"yoast-schema-graph\">{\"@context\":\"https:\/\/schema.org\",\"@graph\":[{\"@type\":\"WebPage\",\"@id\":\"https:\/\/navpax.com\/es\/quienes-somos\/\",\"url\":\"https:\/\/navpax.com\/es\/quienes-somos\/\",\"name\":\"QUIENES SOMOS \u2388 NAVPAX\",\"isPartOf\":{\"@id\":\"https:\/\/navpax.com\/es\/#website\"},\"datePublished\":\"2016-07-28T03:26:59+00:00\",\"dateModified\":\"2022-09-14T10:31:09+00:00\",\"description\":\"Armador de buques de pasaje desde m\u00e1s de 15 a\u00f1os pero tambi\u00e9n capit\u00e1n, NAVPAX nace desde la experiencia de la compra.\",\"breadcrumb\":{\"@id\":\"https:\/\/navpax.com\/es\/quienes-somos\/#breadcrumb\"},\"inLanguage\":\"es\",\"potentialAction\":[{\"@type\":\"ReadAction\",\"target\":[\"https:\/\/navpax.com\/es\/quienes-somos\/\"]}]},{\"@type\":\"BreadcrumbList\",\"@id\":\"https:\/\/navpax.com\/es\/quienes-somos\/#breadcrumb\",\"itemListElement\":[{\"@type\":\"ListItem\",\"position\":1,\"name\":\"Portada\",\"item\":\"https:\/\/navpax.com\/es\/\"},{\"@type\":\"ListItem\",\"position\":2,\"name\":\"QUIENES SOMOS\"}]},{\"@type\":\"WebSite\",\"@id\":\"https:\/\/navpax.com\/es\/#website\",\"url\":\"https:\/\/navpax.com\/es\/\",\"name\":\"Navpax - Especialistas en venta de barcos y buques de pasajeros\",\"description\":\"NAVPAX es una empresa especializada y dedicada exclusivamente a la venta de buques de pasaje. Informaci\u00f3n al 635 87 95 98.\",\"publisher\":{\"@id\":\"https:\/\/navpax.com\/es\/#organization\"},\"potentialAction\":[{\"@type\":\"SearchAction\",\"target\":{\"@type\":\"EntryPoint\",\"urlTemplate\":\"https:\/\/navpax.com\/es\/?s={search_term_string}\"},\"query-input\":{\"@type\":\"PropertyValueSpecification\",\"valueRequired\":true,\"valueName\":\"search_term_string\"}}],\"inLanguage\":\"es\"},{\"@type\":\"Organization\",\"@id\":\"https:\/\/navpax.com\/es\/#organization\",\"name\":\"Navpax - Especialistas en venta de barcos y buques de pasajeros\",\"url\":\"https:\/\/navpax.com\/es\/\",\"logo\":{\"@type\":\"ImageObject\",\"inLanguage\":\"es\",\"@id\":\"https:\/\/navpax.com\/es\/#\/schema\/logo\/image\/\",\"url\":\"https:\/\/navpax.com\/wp-content\/uploads\/2022\/06\/navpax-logo-fr.png\",\"contentUrl\":\"https:\/\/navpax.com\/wp-content\/uploads\/2022\/06\/navpax-logo-fr.png\",\"width\":320,\"height\":141,\"caption\":\"Navpax - Especialistas en venta de barcos y buques de pasajeros\"},\"image\":{\"@id\":\"https:\/\/navpax.com\/es\/#\/schema\/logo\/image\/\"}}]}<\/script>\n<!-- \/ Yoast SEO plugin. -->","yoast_head_json":{"title":"QUIENES SOMOS \u2388 NAVPAX","description":"Armador de buques de pasaje desde m\u00e1s de 15 a\u00f1os pero tambi\u00e9n capit\u00e1n, NAVPAX nace desde la experiencia de la compra.","robots":{"index":"index","follow":"follow","max-snippet":"max-snippet:-1","max-image-preview":"max-image-preview:large","max-video-preview":"max-video-preview:-1"},"canonical":"https:\/\/navpax.com\/es\/quienes-somos\/","og_locale":"es_ES","og_type":"article","og_title":"QUIENES SOMOS \u2388 NAVPAX","og_description":"Armador de buques de pasaje desde m\u00e1s de 15 a\u00f1os pero tambi\u00e9n capit\u00e1n, NAVPAX nace desde la experiencia de la compra.","og_url":"https:\/\/navpax.com\/es\/quienes-somos\/","og_site_name":"Navpax - Especialistas en venta de barcos y buques de pasajeros","article_modified_time":"2022-09-14T10:31:09+00:00","twitter_card":"summary_large_image","twitter_misc":{"Tiempo de lectura":"1 minuto"},"schema":{"@context":"https:\/\/schema.org","@graph":[{"@type":"WebPage","@id":"https:\/\/navpax.com\/es\/quienes-somos\/","url":"https:\/\/navpax.com\/es\/quienes-somos\/","name":"QUIENES SOMOS \u2388 NAVPAX","isPartOf":{"@id":"https:\/\/navpax.com\/es\/#website"},"datePublished":"2016-07-28T03:26:59+00:00","dateModified":"2022-09-14T10:31:09+00:00","description":"Armador de buques de pasaje desde m\u00e1s de 15 a\u00f1os pero tambi\u00e9n capit\u00e1n, NAVPAX nace desde la experiencia de la compra.","breadcrumb":{"@id":"https:\/\/navpax.com\/es\/quienes-somos\/#breadcrumb"},"inLanguage":"es","potentialAction":[{"@type":"ReadAction","target":["https:\/\/navpax.com\/es\/quienes-somos\/"]}]},{"@type":"BreadcrumbList","@id":"https:\/\/navpax.com\/es\/quienes-somos\/#breadcrumb","itemListElement":[{"@type":"ListItem","position":1,"name":"Portada","item":"https:\/\/navpax.com\/es\/"},{"@type":"ListItem","position":2,"name":"QUIENES SOMOS"}]},{"@type":"WebSite","@id":"https:\/\/navpax.com\/es\/#website","url":"https:\/\/navpax.com\/es\/","name":"Navpax - Especialistas en venta de barcos y buques de pasajeros","description":"NAVPAX es una empresa especializada y dedicada exclusivamente a la venta de buques de pasaje. Informaci\u00f3n al 635 87 95 98.","publisher":{"@id":"https:\/\/navpax.com\/es\/#organization"},"potentialAction":[{"@type":"SearchAction","target":{"@type":"EntryPoint","urlTemplate":"https:\/\/navpax.com\/es\/?s={search_term_string}"},"query-input":{"@type":"PropertyValueSpecification","valueRequired":true,"valueName":"search_term_string"}}],"inLanguage":"es"},{"@type":"Organization","@id":"https:\/\/navpax.com\/es\/#organization","name":"Navpax - Especialistas en venta de barcos y buques de pasajeros","url":"https:\/\/navpax.com\/es\/","logo":{"@type":"ImageObject","inLanguage":"es","@id":"https:\/\/navpax.com\/es\/#\/schema\/logo\/image\/","url":"https:\/\/navpax.com\/wp-content\/uploads\/2022\/06\/navpax-logo-fr.png","contentUrl":"https:\/\/navpax.com\/wp-content\/uploads\/2022\/06\/navpax-logo-fr.png","width":320,"height":141,"caption":"Navpax - Especialistas en venta de barcos y buques de pasajeros"},"image":{"@id":"https:\/\/navpax.com\/es\/#\/schema\/logo\/image\/"}}]}},"_links":{"self":[{"href":"https:\/\/navpax.com\/es\/wp-json\/wp\/v2\/pages\/1449","targetHints":{"allow":["GET"]}}],"collection":[{"href":"https:\/\/navpax.com\/es\/wp-json\/wp\/v2\/pages"}],"about":[{"href":"https:\/\/navpax.com\/es\/wp-json\/wp\/v2\/types\/page"}],"author":[{"embeddable":true,"href":"https:\/\/navpax.com\/es\/wp-json\/wp\/v2\/users\/1"}],"replies":[{"embeddable":true,"href":"https:\/\/navpax.com\/es\/wp-json\/wp\/v2\/comments?post=1449"}],"version-history":[{"count":0,"href":"https:\/\/navpax.com\/es\/wp-json\/wp\/v2\/pages\/1449\/revisions"}],"wp:attachment":[{"href":"https:\/\/navpax.com\/es\/wp-json\/wp\/v2\/media?parent=1449"}],"curies":[{"name":"wp","href":"https:\/\/api.w.org\/{rel}","templated":true}]}}