{"id":1406,"date":"2022-06-10T06:34:10","date_gmt":"2022-06-10T04:34:10","guid":{"rendered":"https:\/\/navpax.com\/mentions-legales\/"},"modified":"2022-09-14T12:28:45","modified_gmt":"2022-09-14T10:28:45","slug":"avisos-legales","status":"publish","type":"page","link":"https:\/\/navpax.com\/es\/avisos-legales\/","title":{"rendered":"Avisos legales"},"content":{"rendered":"<p>[vc_row][vc_column][vc_column_text]<\/p>\n<h1>Condiciones de Uso<\/h1>\n<h3>1. \u00bfQuien es el responsable del tratamiento de tus datos?<\/h3>\n<p><strong>Titular:<\/strong> NAUTEXPRO S.L<br \/>\n<strong>CIF:<\/strong> B09814203<br \/>\n<strong>Email: <\/strong>contacto@navpax.com<br \/>\n<strong>Telf:<\/strong> (+34) 932 998 223 &#8211; 635 87 95 98<br \/>\n<strong>Direcci\u00f3n:<\/strong> TR\u00c9BOL 17 OLIMAR 19, CP 29651 MIJAS COSTA, M\u00c1LAGA<br \/>\n<strong>Pa\u00eds:<\/strong> ESPA\u00d1A<\/p>\n<h3>2. Propriedad Intelectual.<\/h3>\n<p>El contenido de esta p\u00e1gina web est\u00e1 protegido por la Ley de Propiedad Intelectual. As\u00ed pues, la modificaci\u00f3n, transmisi\u00f3n, copia o cualquier utilizaci\u00f3n de los contenidos que forman parte del web con finalidades p\u00fablicas, lucrativas o comerciales, sin el consentimiento y la autorizaci\u00f3n expresa de NAVPAX es una infracci\u00f3n penalizada por la legislaci\u00f3n vigente.<\/p>\n<p>Se autoriza a utilizar para uso personal el contenido de la p\u00e1gina web ya sea para utilizar, copiar, imprimir o descargar al ordenador.<\/p>\n<h3>3. Protecci\u00f3n de datos personales.<\/h3>\n<p>El usuario acepta que los datos facilitados desde el formulario de registro as\u00ed como la informaci\u00f3n complementaria facilitable en su men\u00fa privado pasar\u00e1n a formar parte de los ficheros titularidad de NAVPAX para poder prestar el servicio as\u00ed como informar en un futuro de nuevos servicios, recomendaciones y avisos. El usuario acepta tambi\u00e9n el env\u00edo de publicidad desde el correo electr\u00f3nico facilitado. NAVPAX cumplir\u00e1 con la ley Org\u00e1nica 15\/1999 de Protecci\u00f3n de Datos<\/p>\n<p>Para ejercer sus derechos de acceso, cancelaci\u00f3n, rectificaci\u00f3n y oposici\u00f3n el usuario se puede dirigir por escrito a la calle Tr\u00e9bol 17 Puerta 19 CP 29651 o a la direcci\u00f3n de correo electr\u00f3nico contact@navpax.com<\/p>\n<h3>4. Limitations contractuelles sur les donn\u00e9es techniques.<\/h3>\n<p>Le site utilise la technologie JavaScript.<\/p>\n<p>Le site Internet ne pourra \u00eatre tenu responsable de dommages mat\u00e9riels li\u00e9s \u00e0 l\u2019utilisation du site. De plus, l\u2019utilisateur du site s\u2019engage \u00e0 acc\u00e9der au site en utilisant un mat\u00e9riel r\u00e9cent, ne contenant pas de virus et avec un navigateur de derni\u00e8re g\u00e9n\u00e9ration mis-\u00e0-jour<\/p>\n<h3>5. Propri\u00e9t\u00e9 intellectuelle et contrefa\u00e7ons.<\/h3>\n<p>Navpax est propri\u00e9taire des droits de propri\u00e9t\u00e9 intellectuelle ou d\u00e9tient les droits d\u2019usage sur tous les \u00e9l\u00e9ments accessibles sur le site, notamment les textes, images, graphismes, logo, ic\u00f4nes, sons, logiciels.<\/p>\n<p>Toute reproduction, repr\u00e9sentation, modification, publication, adaptation de tout ou partie des \u00e9l\u00e9ments du site, quel que soit le moyen ou le proc\u00e9d\u00e9 utilis\u00e9, est interdite, sauf autorisation \u00e9crite pr\u00e9alable de : Navpax.<\/p>\n<p>Toute exploitation non autoris\u00e9e du site ou de l\u2019un quelconque des \u00e9l\u00e9ments qu\u2019il contient sera consid\u00e9r\u00e9e comme constitutive d\u2019une contrefa\u00e7on et poursuivie conform\u00e9ment aux dispositions des articles L.335-2 et suivants du Code de Propri\u00e9t\u00e9 Intellectuelle.<\/p>\n<h3>6. Limitations de responsabilit\u00e9.<\/h3>\n<p>Navpax ne pourra \u00eatre tenue responsable des dommages directs et indirects caus\u00e9s au mat\u00e9riel de l\u2019utilisateur, lors de l\u2019acc\u00e8s au site <a href=\"https:\/\/navpax.com\/es\/\">https:\/\/navpax.com\/<\/a>, et r\u00e9sultant soit de l\u2019utilisation d\u2019un mat\u00e9riel ne r\u00e9pondant pas aux sp\u00e9cifications indiqu\u00e9es au point 4, soit de l\u2019apparition d\u2019un bug ou d\u2019une incompatibilit\u00e9.<\/p>\n<p>Navpax ne pourra \u00e9galement \u00eatre tenue responsable des dommages indirects (tels par exemple qu\u2019une perte de march\u00e9 ou perte d\u2019une chance) cons\u00e9cutifs \u00e0 l\u2019utilisation du site <a href=\"https:\/\/navpax.com\/es\/\">https:\/\/navpax.com\/<\/a>.<\/p>\n<p>Des espaces interactifs (possibilit\u00e9 de poser des questions dans l\u2019espace contact) sont \u00e0 la disposition des utilisateurs. Navpax se r\u00e9serve le droit de supprimer, sans mise en demeure pr\u00e9alable, tout contenu d\u00e9pos\u00e9 dans cet espace qui contreviendrait \u00e0 la l\u00e9gislation applicable en France, en particulier aux dispositions relatives \u00e0 la protection des donn\u00e9es. Le cas \u00e9ch\u00e9ant, Navpax se r\u00e9serve \u00e9galement la possibilit\u00e9 de mettre en cause la responsabilit\u00e9 civile et\/ou p\u00e9nale de l\u2019utilisateur, notamment en cas de message \u00e0 caract\u00e8re raciste, injurieux, diffamant, ou pornographique, quel que soit le support utilis\u00e9 (texte, photographie\u2026).<\/p>\n<h3>7. Gestion des donn\u00e9es personnelles.<\/h3>\n<p>En France, les donn\u00e9es personnelles sont notamment prot\u00e9g\u00e9es par la loi n\u00b0 78-87 du 6 janvier 1978, la loi n\u00b0 2004-801 du 6 ao\u00fbt 2004, l\u2019article L. 226-13 du Code p\u00e9nal et la Directive Europ\u00e9enne du 24 octobre 1995.<\/p>\n<p>A l\u2019occasion de l\u2019utilisation du site <a href=\"https:\/\/navpax.com\/es\/\">https:\/\/navpax.com\/<\/a>, peuvent \u00eatres recueillies : l\u2019URL des liens par l\u2019interm\u00e9diaire desquels l\u2019utilisateur a acc\u00e9d\u00e9 au site <a href=\"https:\/\/navpax.com\/es\/\">https:\/\/navpax.com\/<\/a>, le fournisseur d\u2019acc\u00e8s de l\u2019utilisateur, l\u2019adresse de protocole Internet (IP) de l\u2019utilisateur.<\/p>\n<p>En tout \u00e9tat de cause Navpax ne collecte des informations personnelles relatives \u00e0 l\u2019utilisateur que pour le besoin de certains services propos\u00e9s par le site <a href=\"https:\/\/navpax.com\/es\/\">https:\/\/navpax.com\/<\/a>. L\u2019utilisateur fournit ces informations en toute connaissance de cause, notamment lorsqu\u2019il proc\u00e8de par lui-m\u00eame \u00e0 leur saisie. Il est alors pr\u00e9cis\u00e9 \u00e0 l\u2019utilisateur du site <a href=\"https:\/\/navpax.com\/es\/\">https:\/\/navpax.com\/<\/a> l\u2019obligation ou non de fournir ces informations.<\/p>\n<p>Conform\u00e9ment aux dispositions des articles 38 et suivants de la loi 78-17 du 6 janvier 1978 relative \u00e0 l\u2019informatique, aux fichiers et aux libert\u00e9s, tout utilisateur dispose d\u2019un droit d\u2019acc\u00e8s, de rectification et d\u2019opposition aux donn\u00e9es personnelles le concernant, en effectuant sa demande \u00e9crite et sign\u00e9e, accompagn\u00e9e d\u2019une copie du titre d\u2019identit\u00e9 avec signature du titulaire de la pi\u00e8ce, en pr\u00e9cisant l\u2019adresse \u00e0 laquelle la r\u00e9ponse doit \u00eatre envoy\u00e9e.<\/p>\n<p>Aucune information personnelle de l\u2019utilisateur du site <a href=\"https:\/\/navpax.com\/es\/\">https:\/\/navpax.com\/<\/a> n\u2019est publi\u00e9e \u00e0 l\u2019insu de l\u2019utilisateur, \u00e9chang\u00e9e, transf\u00e9r\u00e9e, c\u00e9d\u00e9e ou vendue sur un support quelconque \u00e0 des tiers. Seule l\u2019hypoth\u00e8se du rachat de Navpax et de ses droits permettrait la transmission des dites informations \u00e0 l\u2019\u00e9ventuel acqu\u00e9reur qui serait \u00e0 son tour tenu de la m\u00eame obligation de conservation et de modification des donn\u00e9es vis \u00e0 vis de l\u2019utilisateur du site <a href=\"https:\/\/navpax.com\/es\/\">https:\/\/navpax.com\/<\/a>.<\/p>\n<p>Les bases de donn\u00e9es sont prot\u00e9g\u00e9es par les dispositions de la loi du 1er juillet 1998 transposant la directive 96\/9 du 11 mars 1996 relative \u00e0 la protection juridique des bases de donn\u00e9es.<\/p>\n<h3>8. Liens hypertextes et cookies.<\/h3>\n<p>Le site <a href=\"https:\/\/navpax.com\/es\/\">https:\/\/navpax.com\/<\/a> contient un certain nombre de liens hypertextes vers d\u2019autres sites, mis en place avec l\u2019autorisation de Navpax. Cependant, Navpax n\u2019a pas la possibilit\u00e9 de v\u00e9rifier le contenu des sites ainsi visit\u00e9s, et n\u2019assumera en cons\u00e9quence aucune responsabilit\u00e9 de ce fait.<\/p>\n<p>La navigation sur le site <a href=\"https:\/\/navpax.com\/es\/\">https:\/\/navpax.com\/<\/a> est susceptible de provoquer l\u2019installation de cookie(s) sur l\u2019ordinateur de l\u2019utilisateur. Un cookie est un fichier de petite taille, qui ne permet pas l\u2019identification de l\u2019utilisateur, mais qui enregistre des informations relatives \u00e0 la navigation d\u2019un ordinateur sur un site. Les donn\u00e9es ainsi obtenues visent \u00e0 faciliter la navigation ult\u00e9rieure sur le site, et ont \u00e9galement vocation \u00e0 permettre diverses mesures de fr\u00e9quentation.<\/p>\n<p>Le refus d\u2019installation d\u2019un cookie peut entra\u00eener l\u2019impossibilit\u00e9 d\u2019acc\u00e9der \u00e0 certains services. L\u2019utilisateur peut toutefois configurer son ordinateur de la mani\u00e8re suivante, pour refuser l\u2019installation des cookies :<\/p>\n<p>Sous Internet Explorer : onglet outil (pictogramme en forme de rouage en haut a droite) \/ options internet. Cliquez sur Confidentialit\u00e9 et choisissez Bloquer tous les cookies. Validez sur Ok.<\/p>\n<p>Sous Firefox : en haut de la fen\u00eatre du navigateur, cliquez sur le bouton Firefox, puis aller dans l\u2019onglet Options. Cliquer sur l\u2019onglet Vie priv\u00e9e.<br \/>\nParam\u00e9trez les R\u00e8gles de conservation sur : utiliser les param\u00e8tres personnalis\u00e9s pour l\u2019historique. Enfin d\u00e9cochez-la pour d\u00e9sactiver les cookies.<\/p>\n<p>Sous Safari : Cliquez en haut \u00e0 droite du navigateur sur le pictogramme de menu (symbolis\u00e9 par un rouage). S\u00e9lectionnez Param\u00e8tres. Cliquez sur Afficher les param\u00e8tres avanc\u00e9s. Dans la section \u00ab Confidentialit\u00e9 \u00bb, cliquez sur Param\u00e8tres de contenu. Dans la section \u00ab Cookies \u00bb, vous pouvez bloquer les cookies.<\/p>\n<p>Sous Chrome : Cliquez en haut \u00e0 droite du navigateur sur le pictogramme de menu (symbolis\u00e9 par trois lignes horizontales). S\u00e9lectionnez Param\u00e8tres. Cliquez sur Afficher les param\u00e8tres avanc\u00e9s. Dans la section \u00ab Confidentialit\u00e9 \u00bb, cliquez sur pr\u00e9f\u00e9rences. Dans l\u2019onglet \u00ab Confidentialit\u00e9 \u00bb, vous pouvez bloquer les cookies.<\/p>\n<h3>9. Droit applicable et attribution de juridiction.<\/h3>\n<p>Tout litige en relation avec l\u2019utilisation du site <a href=\"https:\/\/navpax.com\/es\/\">https:\/\/navpax.com\/<\/a> est soumis au droit fran\u00e7ais. Il est fait attribution exclusive de juridiction aux tribunaux comp\u00e9tents de Paris.<\/p>\n<p>10. Les principales lois concern\u00e9es.<br \/>\nLoi n\u00b0 78-17 du 6 janvier 1978, notamment modifi\u00e9e par la loi n\u00b0 2004-801 du 6 ao\u00fbt 2004 relative \u00e0 l\u2019informatique, aux fichiers et aux libert\u00e9s.<\/p>\n<p>Loi n\u00b0 2004-575 du 21 juin 2004 pour la confiance dans l\u2019\u00e9conomie num\u00e9rique.<\/p>\n<h3>11. Lexique.<\/h3>\n<p>Utilisateur : Internaute se connectant, utilisant le site susnomm\u00e9.<\/p>\n<p>Informations personnelles : \u00ab les informations qui permettent, sous quelque forme que ce soit, directement ou non, l\u2019identification des personnes physiques auxquelles elles s\u2019appliquent \u00bb (article 4 de la loi n\u00b0 78-17 du 6 janvier 1978).[\/vc_column_text][vc_empty_space][\/vc_column][\/vc_row]<\/p>\n","protected":false},"excerpt":{"rendered":"<p>[vc_row][vc_column][vc_column_text] Condiciones de Uso 1. \u00bfQuien es el responsable del tratamiento de tus datos? Titular: NAUTEXPRO S.L CIF: B09814203 Email: contacto@navpax.com Telf: (+34) 932 998 223 &#8211; 635 87 95 98 Direcci\u00f3n: TR\u00c9BOL 17 OLIMAR 19, CP 29651 MIJAS COSTA, M\u00c1LAGA Pa\u00eds: ESPA\u00d1A 2. Propriedad Intelectual. El contenido de esta p\u00e1gina web est\u00e1 protegido por [&hellip;]<\/p>\n","protected":false},"author":1,"featured_media":0,"parent":0,"menu_order":0,"comment_status":"closed","ping_status":"closed","template":"","meta":{"footnotes":""},"class_list":["post-1406","page","type-page","status-publish","hentry"],"yoast_head":"<!-- This site is optimized with the Yoast SEO plugin v26.0 - https:\/\/yoast.com\/wordpress\/plugins\/seo\/ -->\n<title>Avisos legales<\/title>\n<meta name=\"description\" content=\"El contenido de esta p\u00e1gina web est\u00e1 protegido por la Ley de Propiedad Intelectual - Navpax - Especialistas en venta de barcos y buques de pasajeros\" \/>\n<meta name=\"robots\" content=\"index, follow, max-snippet:-1, max-image-preview:large, max-video-preview:-1\" \/>\n<link rel=\"canonical\" href=\"https:\/\/navpax.com\/es\/avisos-legales\/\" \/>\n<meta property=\"og:locale\" content=\"es_ES\" \/>\n<meta property=\"og:type\" content=\"article\" \/>\n<meta property=\"og:title\" content=\"Avisos legales\" \/>\n<meta property=\"og:description\" content=\"El contenido de esta p\u00e1gina web est\u00e1 protegido por la Ley de Propiedad Intelectual - Navpax - Especialistas en venta de barcos y buques de pasajeros\" \/>\n<meta property=\"og:url\" content=\"https:\/\/navpax.com\/es\/avisos-legales\/\" \/>\n<meta property=\"og:site_name\" content=\"Navpax - Especialistas en venta de barcos y buques de pasajeros\" \/>\n<meta property=\"article:modified_time\" content=\"2022-09-14T10:28:45+00:00\" \/>\n<meta name=\"twitter:card\" content=\"summary_large_image\" \/>\n<meta name=\"twitter:label1\" content=\"Tiempo de lectura\" \/>\n\t<meta name=\"twitter:data1\" content=\"6 minutos\" \/>\n<script type=\"application\/ld+json\" class=\"yoast-schema-graph\">{\"@context\":\"https:\/\/schema.org\",\"@graph\":[{\"@type\":\"WebPage\",\"@id\":\"https:\/\/navpax.com\/es\/avisos-legales\/\",\"url\":\"https:\/\/navpax.com\/es\/avisos-legales\/\",\"name\":\"Avisos legales\",\"isPartOf\":{\"@id\":\"https:\/\/navpax.com\/es\/#website\"},\"datePublished\":\"2022-06-10T04:34:10+00:00\",\"dateModified\":\"2022-09-14T10:28:45+00:00\",\"description\":\"El contenido de esta p\u00e1gina web est\u00e1 protegido por la Ley de Propiedad Intelectual - Navpax - Especialistas en venta de barcos y buques de pasajeros\",\"breadcrumb\":{\"@id\":\"https:\/\/navpax.com\/es\/avisos-legales\/#breadcrumb\"},\"inLanguage\":\"es\",\"potentialAction\":[{\"@type\":\"ReadAction\",\"target\":[\"https:\/\/navpax.com\/es\/avisos-legales\/\"]}]},{\"@type\":\"BreadcrumbList\",\"@id\":\"https:\/\/navpax.com\/es\/avisos-legales\/#breadcrumb\",\"itemListElement\":[{\"@type\":\"ListItem\",\"position\":1,\"name\":\"Portada\",\"item\":\"https:\/\/navpax.com\/es\/\"},{\"@type\":\"ListItem\",\"position\":2,\"name\":\"Avisos legales\"}]},{\"@type\":\"WebSite\",\"@id\":\"https:\/\/navpax.com\/es\/#website\",\"url\":\"https:\/\/navpax.com\/es\/\",\"name\":\"Navpax - Especialistas en venta de barcos y buques de pasajeros\",\"description\":\"NAVPAX es una empresa especializada y dedicada exclusivamente a la venta de buques de pasaje. Informaci\u00f3n al 635 87 95 98.\",\"publisher\":{\"@id\":\"https:\/\/navpax.com\/es\/#organization\"},\"potentialAction\":[{\"@type\":\"SearchAction\",\"target\":{\"@type\":\"EntryPoint\",\"urlTemplate\":\"https:\/\/navpax.com\/es\/?s={search_term_string}\"},\"query-input\":{\"@type\":\"PropertyValueSpecification\",\"valueRequired\":true,\"valueName\":\"search_term_string\"}}],\"inLanguage\":\"es\"},{\"@type\":\"Organization\",\"@id\":\"https:\/\/navpax.com\/es\/#organization\",\"name\":\"Navpax - Especialistas en venta de barcos y buques de pasajeros\",\"url\":\"https:\/\/navpax.com\/es\/\",\"logo\":{\"@type\":\"ImageObject\",\"inLanguage\":\"es\",\"@id\":\"https:\/\/navpax.com\/es\/#\/schema\/logo\/image\/\",\"url\":\"https:\/\/navpax.com\/wp-content\/uploads\/2022\/06\/navpax-logo-fr.png\",\"contentUrl\":\"https:\/\/navpax.com\/wp-content\/uploads\/2022\/06\/navpax-logo-fr.png\",\"width\":320,\"height\":141,\"caption\":\"Navpax - Especialistas en venta de barcos y buques de pasajeros\"},\"image\":{\"@id\":\"https:\/\/navpax.com\/es\/#\/schema\/logo\/image\/\"}}]}<\/script>\n<!-- \/ Yoast SEO plugin. -->","yoast_head_json":{"title":"Avisos legales","description":"El contenido de esta p\u00e1gina web est\u00e1 protegido por la Ley de Propiedad Intelectual - Navpax - Especialistas en venta de barcos y buques de pasajeros","robots":{"index":"index","follow":"follow","max-snippet":"max-snippet:-1","max-image-preview":"max-image-preview:large","max-video-preview":"max-video-preview:-1"},"canonical":"https:\/\/navpax.com\/es\/avisos-legales\/","og_locale":"es_ES","og_type":"article","og_title":"Avisos legales","og_description":"El contenido de esta p\u00e1gina web est\u00e1 protegido por la Ley de Propiedad Intelectual - Navpax - Especialistas en venta de barcos y buques de pasajeros","og_url":"https:\/\/navpax.com\/es\/avisos-legales\/","og_site_name":"Navpax - Especialistas en venta de barcos y buques de pasajeros","article_modified_time":"2022-09-14T10:28:45+00:00","twitter_card":"summary_large_image","twitter_misc":{"Tiempo de lectura":"6 minutos"},"schema":{"@context":"https:\/\/schema.org","@graph":[{"@type":"WebPage","@id":"https:\/\/navpax.com\/es\/avisos-legales\/","url":"https:\/\/navpax.com\/es\/avisos-legales\/","name":"Avisos legales","isPartOf":{"@id":"https:\/\/navpax.com\/es\/#website"},"datePublished":"2022-06-10T04:34:10+00:00","dateModified":"2022-09-14T10:28:45+00:00","description":"El contenido de esta p\u00e1gina web est\u00e1 protegido por la Ley de Propiedad Intelectual - Navpax - Especialistas en venta de barcos y buques de pasajeros","breadcrumb":{"@id":"https:\/\/navpax.com\/es\/avisos-legales\/#breadcrumb"},"inLanguage":"es","potentialAction":[{"@type":"ReadAction","target":["https:\/\/navpax.com\/es\/avisos-legales\/"]}]},{"@type":"BreadcrumbList","@id":"https:\/\/navpax.com\/es\/avisos-legales\/#breadcrumb","itemListElement":[{"@type":"ListItem","position":1,"name":"Portada","item":"https:\/\/navpax.com\/es\/"},{"@type":"ListItem","position":2,"name":"Avisos legales"}]},{"@type":"WebSite","@id":"https:\/\/navpax.com\/es\/#website","url":"https:\/\/navpax.com\/es\/","name":"Navpax - Especialistas en venta de barcos y buques de pasajeros","description":"NAVPAX es una empresa especializada y dedicada exclusivamente a la venta de buques de pasaje. Informaci\u00f3n al 635 87 95 98.","publisher":{"@id":"https:\/\/navpax.com\/es\/#organization"},"potentialAction":[{"@type":"SearchAction","target":{"@type":"EntryPoint","urlTemplate":"https:\/\/navpax.com\/es\/?s={search_term_string}"},"query-input":{"@type":"PropertyValueSpecification","valueRequired":true,"valueName":"search_term_string"}}],"inLanguage":"es"},{"@type":"Organization","@id":"https:\/\/navpax.com\/es\/#organization","name":"Navpax - Especialistas en venta de barcos y buques de pasajeros","url":"https:\/\/navpax.com\/es\/","logo":{"@type":"ImageObject","inLanguage":"es","@id":"https:\/\/navpax.com\/es\/#\/schema\/logo\/image\/","url":"https:\/\/navpax.com\/wp-content\/uploads\/2022\/06\/navpax-logo-fr.png","contentUrl":"https:\/\/navpax.com\/wp-content\/uploads\/2022\/06\/navpax-logo-fr.png","width":320,"height":141,"caption":"Navpax - Especialistas en venta de barcos y buques de pasajeros"},"image":{"@id":"https:\/\/navpax.com\/es\/#\/schema\/logo\/image\/"}}]}},"_links":{"self":[{"href":"https:\/\/navpax.com\/es\/wp-json\/wp\/v2\/pages\/1406","targetHints":{"allow":["GET"]}}],"collection":[{"href":"https:\/\/navpax.com\/es\/wp-json\/wp\/v2\/pages"}],"about":[{"href":"https:\/\/navpax.com\/es\/wp-json\/wp\/v2\/types\/page"}],"author":[{"embeddable":true,"href":"https:\/\/navpax.com\/es\/wp-json\/wp\/v2\/users\/1"}],"replies":[{"embeddable":true,"href":"https:\/\/navpax.com\/es\/wp-json\/wp\/v2\/comments?post=1406"}],"version-history":[{"count":0,"href":"https:\/\/navpax.com\/es\/wp-json\/wp\/v2\/pages\/1406\/revisions"}],"wp:attachment":[{"href":"https:\/\/navpax.com\/es\/wp-json\/wp\/v2\/media?parent=1406"}],"curies":[{"name":"wp","href":"https:\/\/api.w.org\/{rel}","templated":true}]}}