{"id":1381,"date":"2016-07-28T08:49:56","date_gmt":"2016-07-28T06:49:56","guid":{"rendered":"https:\/\/navpax.com\/home\/"},"modified":"2022-09-12T12:54:09","modified_gmt":"2022-09-12T10:54:09","slug":"home","status":"publish","type":"page","link":"https:\/\/navpax.com\/es\/","title":{"rendered":"Inicio"},"content":{"rendered":"<p>[vc_row el_class=\u00bbcr-box-1&#8243; css=\u00bb.vc_custom_1655395117271{padding-top: 40px !important;padding-bottom: 80px !important;}\u00bb][vc_column][vc_row_inner equal_height=\u00bbyes\u00bb content_placement=\u00bbmiddle\u00bb][vc_column_inner width=\u00bb1\/4&#8243; offset=\u00bbvc_hidden-sm vc_col-xs-12 vc_hidden-xs\u00bb][vc_single_image image=\u00bb1103&#8243; alignment=\u00bbright\u00bb][\/vc_column_inner][vc_column_inner width=\u00bb1\/2&#8243; css=\u00bb.vc_custom_1655394968469{background-image: url(https:\/\/navpax.com\/wp-content\/uploads\/2022\/06\/NAVPAX.png?id=1128) !important;background-position: center !important;background-repeat: no-repeat !important;background-size: contain !important;}\u00bb offset=\u00bbvc_hidden-sm vc_col-xs-12 vc_hidden-xs\u00bb]<h1 class=\"sc_title sc_title_regular sc_align_left centrar-texto margin_top_null margin_bottom_null\" style=\"text-align:left;\" data-animation=\"animated fadeIn normal\"><\/p>\n<h6 style=\"margin-top: 0px !important; margin-bottom: 0px !important; text-align: center;\">ESPECIALIZADA EN VENTA DE BUQUES<\/h6>\n<h2 style=\"margin-top: 0px !important; text-align: center;\">NUESTRA EMPRESA<\/h2>\n<p><\/h1>[\/vc_column_inner][vc_column_inner width=\u00bb1\/4&#8243; offset=\u00bbvc_hidden-sm vc_hidden-xs\u00bb][\/vc_column_inner][\/vc_row_inner][vc_row_inner equal_height=\u00bbyes\u00bb content_placement=\u00bbmiddle\u00bb][vc_column_inner width=\u00bb1\/2&#8243; offset=\u00bbvc_hidden-lg vc_hidden-md vc_col-xs-12&#8243;][vc_single_image image=\u00bb1103&#8243; alignment=\u00bbcenter\u00bb][\/vc_column_inner][vc_column_inner width=\u00bb1\/2&#8243; css=\u00bb.vc_custom_1655395022693{background-image: url(https:\/\/navpax.com\/wp-content\/uploads\/2022\/06\/NAVPAX.png?id=1128) !important;background-position: center !important;background-repeat: no-repeat !important;background-size: contain !important;}\u00bb offset=\u00bbvc_hidden-lg vc_hidden-md vc_col-xs-12&#8243;]<h1 class=\"sc_title sc_title_regular sc_align_left centrar-texto margin_top_null margin_bottom_null\" style=\"text-align:left;\" data-animation=\"animated fadeIn normal\"><\/p>\n<h6 style=\"margin-top: 0px !important; margin-bottom: 0px !important; text-align: center;\">ESPECIALIZADA EN VENTA DE BUQUES<\/h6>\n<h2 style=\"margin-top: 0px !important; text-align: center;\">NUESTRA EMPRESA<\/h2>\n<p><\/h1>[\/vc_column_inner][\/vc_row_inner][vc_column_text]<\/p>\n<h6><strong>NAVPAX<\/strong> es una empresa especializada y dedicada exclusivamente a la venta de buques de pasaje. Nuestro conocimiento del sector y nuestra experiencia nos permite ofrecer barcos de gran calidad respondiendo a sus criterios de b\u00fasqueda para sus futuros proyectos.<\/h6>\n<h6>Les acompa\u00f1amos desde el principio hasta el final de su proyecto en la compra o la venta de su embarcaci\u00f3n.<\/h6>\n<h6>Les ofrecemos vender su barco en el mercado nacional pero tambi\u00e9n en Francia y norte de \u00c1frica gracias a nuestro conocimiento de las normas nacionales e internacionales as\u00ed que nuestros contactos.<\/h6>\n<p>[\/vc_column_text]<div class=\"sc_section margin_top_px_40 margin_bottom_px_120 aligncenter\" data-animation=\"animated fadeInUp normal\"><div class=\"sc_section_inner\"><div class=\"sc_section_content_wrap\"><a href=\"https:\/\/navpax.com\/es\/barcos-de-pasaje\/\" class=\"sc_button sc_button_round sc_button_style_filled sc_button_style_color_style_color_1 sc_button_size_large\">M\u00c1S INFORMACI\u00d3N<\/a><\/div><\/div><\/div>[vc_row_inner equal_height=\u00bbyes\u00bb content_placement=\u00bbmiddle\u00bb][vc_column_inner width=\u00bb1\/4&#8243; css=\u00bb.vc_custom_1655448658572{padding-bottom: 20px !important;}\u00bb]<figure class=\"sc_image  sc_image_shape_square margin_top_null margin_right_null margin_bottom_null margin_left_null\" data-animation=\"animated fadeIn normal\"><img decoding=\"async\" src=\"https:\/\/navpax.com\/wp-content\/uploads\/2022\/06\/section1-collage.jpg\" alt=\"\" \/><\/figure>[\/vc_column_inner][vc_column_inner width=\u00bb1\/2&#8243; css=\u00bb.vc_custom_1655448665035{padding-bottom: 20px !important;}\u00bb]<figure class=\"sc_image  sc_image_shape_square margin_top_null margin_right_null margin_bottom_null margin_left_null\" data-animation=\"animated fadeIn normal\"><img decoding=\"async\" src=\"https:\/\/navpax.com\/wp-content\/uploads\/2022\/06\/section2-collage-2.jpg\" alt=\"\" \/><\/figure>[\/vc_column_inner][vc_column_inner width=\u00bb1\/4&#8243;]<figure class=\"sc_image  sc_image_shape_square margin_top_null margin_right_null margin_bottom_null margin_left_null\" data-animation=\"animated fadeIn normal\"><img decoding=\"async\" src=\"https:\/\/navpax.com\/wp-content\/uploads\/2022\/06\/section3-collage.jpg\" alt=\"\" \/><\/figure>[\/vc_column_inner][\/vc_row_inner][\/vc_column][\/vc_row][vc_row el_class=\u00bbcr-box-1&#8243;][vc_column][vc_row_inner content_placement=\u00bbmiddle\u00bb][vc_column_inner width=\u00bb1\/4&#8243; css=\u00bb.vc_custom_1654585879714{background-position: 0 0 !important;background-repeat: no-repeat !important;}\u00bb][\/vc_column_inner][vc_column_inner width=\u00bb1\/2&#8243; css=\u00bb.vc_custom_1654585943689{background-image: url(https:\/\/navpax.com\/wp-content\/uploads\/2022\/06\/NAVPAX.png?id=1128) !important;background-position: center !important;background-repeat: no-repeat !important;background-size: contain !important;}\u00bb]<h3 class=\"sc_title sc_title_regular sc_align_center margin_top_null margin_bottom_null\" style=\"text-align:center;\" data-animation=\"animated fadeIn normal\"><\/p>\n<h6 style=\"margin-top: 0px !important; margin-bottom: 0px !important; text-align: center;\">POR QU\u00c9 ELEGIRNOS<\/h6>\n<h2 style=\"margin-top: 0px !important; text-align: center;\">NUESTRAS VENTAJAS<\/h2>\n<p><\/h3>[\/vc_column_inner][vc_column_inner width=\u00bb1\/4&#8243;][\/vc_column_inner][\/vc_row_inner][\/vc_column][\/vc_row][vc_row el_class=\u00bbcr-box-1&#8243;][vc_column]<div class=\"sc_section margin_top_null margin_bottom_px_100\" data-animation=\"animated fadeInLeft normal\"><div class=\"sc_section_inner\"><div class=\"sc_section_content_wrap\"><div class=\"columns_wrap sc_columns columns_nofluid sc_columns_count_2 margin_top_null\" data-equal-height=\".sc_column_item\"><div class=\"column-1_2 sc_column_item sc_column_item_1 odd first\">[vc_row_inner content_placement=\u00bbmiddle\u00bb][vc_column_inner width=\u00bb1\/6&#8243;][vc_single_image image=\u00bb1129&#8243; img_size=\u00bbmedium\u00bb][\/vc_column_inner][vc_column_inner width=\u00bb5\/6&#8243;][vc_column_text]<\/p>\n<h4 style=\"font-size: 20px; line-height: 22px;\">AMPLIA GAMA DE BARCOS<\/h4>\n<p>Ofrecemos una gama de barcos amplia y de calidad[\/vc_column_text][\/vc_column_inner][\/vc_row_inner]<\/div><div class=\"column-1_2 sc_column_item sc_column_item_2 even\">[vc_row_inner content_placement=\u00bbmiddle\u00bb][vc_column_inner width=\u00bb1\/6&#8243;][vc_single_image image=\u00bb1143&#8243; img_size=\u00bbmedium\u00bb][\/vc_column_inner][vc_column_inner width=\u00bb5\/6&#8243;][vc_column_text]<\/p>\n<h4 style=\"font-size: 20px; line-height: 22px;\">GRANDES PROFESIONALES<\/h4>\n<p>Tratamos su operaci\u00d3n, su proyecto de forma personal y profesional[\/vc_column_text][\/vc_column_inner][\/vc_row_inner]<\/div><div class=\"column-1_2 sc_column_item sc_column_item_3 odd\">[vc_empty_space][vc_row_inner content_placement=\u00bbmiddle\u00bb][vc_column_inner width=\u00bb1\/6&#8243;][vc_single_image image=\u00bb1145&#8243; img_size=\u00bbmedium\u00bb el_class=\u00bbcapitan\u00bb][\/vc_column_inner][vc_column_inner width=\u00bb5\/6&#8243;][vc_column_text]<\/p>\n<h4 style=\"font-size: 20px; line-height: 22px;\">AMPLIA ESPECIALIZACI\u00d3N<\/h4>\n<p>Por nuestro conocimiento de los barcos de pasajes y<br \/>\nnuestros contactos[\/vc_column_text][\/vc_column_inner][\/vc_row_inner]<\/div><div class=\"column-1_2 sc_column_item sc_column_item_4 even\">[vc_empty_space][vc_row_inner content_placement=\u00bbmiddle\u00bb][vc_column_inner width=\u00bb1\/6&#8243;][vc_single_image image=\u00bb1144&#8243; img_size=\u00bbmedium\u00bb][\/vc_column_inner][vc_column_inner width=\u00bb5\/6&#8243;][vc_column_text]<\/p>\n<h4 style=\"font-size: 20px; line-height: 22px;\">IMPORTANTES COLABORACIONES<\/h4>\n<p>Colaboramos con las empresas de clasificaci\u00f3n internacionales<br \/>\ncomo Bureau Veritas, Rina, Lloyds.[\/vc_column_text][\/vc_column_inner][\/vc_row_inner]<\/div><\/div><\/div><\/div><\/div>[\/vc_column][\/vc_row][vc_row full_width=\u00bbstretch_row\u00bb inverse=\u00bbyes\u00bb css=\u00bb.vc_custom_1654591290124{background-image: url(https:\/\/navpax.com\/wp-content\/uploads\/2022\/06\/img-video.jpg?id=1146) !important;background-position: center !important;background-repeat: no-repeat !important;background-size: cover !important;}\u00bb][vc_column][vc_column_text el_class=\u00bbbg_text_2&#8243;]NAVPAX[\/vc_column_text]<div class=\"sc_section margin_top_px_150 margin_bottom_px_150\" data-animation=\"animated fadeInUp normal\"><div class=\"sc_section_inner\"><div class=\"sc_section_content_wrap\"><div class=\"columns_wrap sc_columns columns_nofluid sc_columns_count_2\"><div class=\"column-1_2 sc_column_item sc_column_item_1 odd first\"><\/div><div class=\"column-1_2 sc_column_item sc_column_item_2 even\" style=\"text-align:center;\"><h5 class=\"sc_title sc_title_regular sc_align_center margin_top_null margin_bottom_px_10\" style=\"color: #C33040 !important; letter-spacing: 2px;text-align:center;color:#c33040;font-weight:700;\">NAVPAX<\/h5><h1 class=\"sc_title sc_title_regular sc_align_center margin_top_null margin_bottom_px_20\" style=\"text-align:center;font-weight:700;font-size:4.286em;\">LA MEJOR SELECCI\u00d3N<\/h1><a href=\"https:\/\/navpax.com\/es\/barcos-de-pasaje\/\" class=\"sc_button sc_button_round sc_button_style_filled sc_button_style_color_style_color_2 sc_button_size_large margin_top_px_30 margin_bottom_null  sc_button_iconed none\" style=\"background-color:#c33040; border-color:#c33040;\">VER BARCOS<\/a><\/div><\/div><\/div><\/div><\/div>[\/vc_column][\/vc_row][vc_row full_width=\u00bbstretch_row\u00bb el_class=\u00bbcr-box-1&#8243; css=\u00bb.vc_custom_1654591671207{padding-top: 80px !important;background-color: #eef7fd !important;}\u00bb][vc_column][vc_row_inner content_placement=\u00bbmiddle\u00bb][vc_column_inner width=\u00bb1\/4&#8243; css=\u00bb.vc_custom_1654585879714{background-position: 0 0 !important;background-repeat: no-repeat !important;}\u00bb][\/vc_column_inner][vc_column_inner width=\u00bb1\/2&#8243; css=\u00bb.vc_custom_1654585943689{background-image: url(https:\/\/navpax.com\/wp-content\/uploads\/2022\/06\/NAVPAX.png?id=1128) !important;background-position: center !important;background-repeat: no-repeat !important;background-size: contain !important;}\u00bb]<h3 class=\"sc_title sc_title_regular sc_align_center margin_top_null margin_bottom_null\" style=\"text-align:center;\" data-animation=\"animated fadeIn normal\"><\/p>\n<h6 style=\"margin-top: 0px !important; margin-bottom: 0px !important; text-align: center;\">LA MEJOR SELECCI\u00d3N<\/h6>\n<h2 style=\"margin-top: 0px !important; text-align: center;\">NUESTROS BARCOS<\/h2>\n<p><\/h3>[\/vc_column_inner][vc_column_inner width=\u00bb1\/4&#8243;][\/vc_column_inner][\/vc_row_inner][\/vc_column][\/vc_row][vc_row full_width=\u00bbstretch_row\u00bb inverse=\u00bb\u00bb css=\u00bb.vc_custom_1471704733696{background-color: #eef7fd !important;}\u00bb][vc_column]<div class=\"sc_section margin_top_tiny margin_bottom_null\" data-animation=\"animated fadeInUp normal\"><div class=\"sc_section_inner\"><div class=\"sc_section_content_wrap\"><div id=\"sc_boats_2066591809_wrap\" class=\"sc_boats_wrap\"><div id=\"sc_boats_2066591809\" class=\"sc_boats sc_boats_style_boats-2  sc_boats_inverse \" style=\"width:100%;\"><div class=\"sc_columns columns_wrap\"><div class=\"column-1_3 column_padding_bottom\">\t\t\t\t\n\t\t\t\t<div id=\"sc_boats_2066591809_1\" class=\"sc_boats_item sc_boats_item_1 odd first\">\n\t\t\t\t\t\n\t\t\t\t\t<div class=\"sc_boats_item_top\">\n\t\t\t\t\t\t<a href=\"https:\/\/navpax.com\/es\/boats\/monocasco-hibrido-en-aluminio-138pax-ste\/\"><span class=\"boats_price_box\"><span class=\"boats_price_box_item\"><span class=\"boats_price\">1.800.000<\/span> <span class=\"boats_price_sign\">\u20ac<\/span><\/span><\/span><img loading=\"lazy\" decoding=\"async\" class=\"wp-post-image\" width=\"770\" height=\"434\" alt=\"Monocasco h\u00edbrido en aluminio 138pax STE\" src=\"https:\/\/navpax.com\/wp-content\/uploads\/2022\/06\/Portada-21-770x434.jpg\"><\/a>\n\t\t\t\t\t\t\t\t\t\t\t\t\n\t\t\t\t\t<\/div>\n\t\t\t\t\t<div class=\"sc_boats_item_middle\">\n\t\t\t\t\t\t<div class=\"sc_boats_item_middle_title\">\n\t\t\t\t\t\t\t<a href=\"https:\/\/navpax.com\/es\/boats\/monocasco-hibrido-en-aluminio-138pax-ste\/\">Monocasco h\u00edbrido en aluminio 138pax STE<\/a>\t\t\t\t\t\t<\/div>\n\t\t\t\t\t\t<div class=\"sc_boats_item_middle_location\">\n\t\t\t\t\t\t\t<span class=\"icon-placeholder\"><\/span> Monocasco\t\t\t\t\t\t<\/div>\n\t\t\t\t\t<\/div>\n\t\t\t\t\t<div class=\"sc_boats_item_bottom\">\n\n\t\t\t\t\t\t\t\t\t\t\t\t<div class=\"sc_boats_item_bottom_crew\">\n\t\t\t\t\t\t\t R\u00e9f : <strong>STE<\/strong>\n\t\t\t\t\t\t<\/div>\n\t\t\t\t\t\t\t\t\t\t\t\t\n\t\t\t\t\t\t\t\t\t\t\t\t<div class=\"sc_boats_item_bottom_length\">\n\t\t\t\t\t\t\t<span class=\"icon-meter\"><\/span> <strong>19.95x5.77 M<\/strong>\n\t\t\t\t\t\t<\/div>\n\t\t\t\t\t\t\t\t\t\t\t\t\n\t\t\t\t\t\t\t\t\t\t\t\t<div class=\"sc_boats_item_bottom_crew\">\n\t\t\t\t\t\t\t<span class=\"icon-profile\"><\/span> <strong>138<\/strong>\n\t\t\t\t\t\t<\/div>\n\t\t\t\t\t\t\t\t\t\t\t\t\n\t\t\t\t\t\t\t\t\t\t\t\t\n\t\t\t\t\t\t<div class=\"cL\"><\/div>\n\t\t\t\t\t\t\n\t\t\t\t\t<\/div>\n\t\t\t\t\t\n\t\t\t\t<\/div>\t\n\t\t\t\t\n\t\t<\/div><\/div><\/div><!-- \/.sc_boats --><\/div><!-- \/.sc_boats_wrap --><\/div><\/div><\/div><div class=\"sc_section margin_top_px_40 margin_bottom_px_120 aligncenter\" data-animation=\"animated fadeInUp normal\"><div class=\"sc_section_inner\"><div class=\"sc_section_content_wrap\"><a href=\"https:\/\/navpax.com\/es\/barcos-de-pasaje\/\" class=\"sc_button sc_button_round sc_button_style_filled sc_button_style_color_style_color_1 sc_button_size_large\">VER M\u00c1S<\/a><\/div><\/div><\/div>[vc_row_inner][vc_column_inner width=\u00bb1\/4&#8243;][\/vc_column_inner][vc_column_inner width=\u00bb1\/2&#8243;][vc_single_image image=\u00bb1103&#8243; alignment=\u00bbcenter\u00bb css=\u00bb.vc_custom_1654595790181{padding-top: 20px !important;padding-bottom: 40px !important;}\u00bb][\/vc_column_inner][vc_column_inner width=\u00bb1\/4&#8243;][\/vc_column_inner][\/vc_row_inner][\/vc_column][\/vc_row]<\/p>\n","protected":false},"excerpt":{"rendered":"<p>[vc_row el_class=\u00bbcr-box-1&#8243; css=\u00bb.vc_custom_1655395117271{padding-top: 40px !important;padding-bottom: 80px !important;}\u00bb][vc_column][vc_row_inner equal_height=\u00bbyes\u00bb content_placement=\u00bbmiddle\u00bb][vc_column_inner width=\u00bb1\/4&#8243; offset=\u00bbvc_hidden-sm vc_col-xs-12 vc_hidden-xs\u00bb][vc_single_image image=\u00bb1103&#8243; alignment=\u00bbright\u00bb][\/vc_column_inner][vc_column_inner width=\u00bb1\/2&#8243; css=\u00bb.vc_custom_1655394968469{background-image: url(https:\/\/navpax.com\/wp-content\/uploads\/2022\/06\/NAVPAX.png?id=1128) !important;background-position: center !important;background-repeat: no-repeat !important;background-size: contain !important;}\u00bb offset=\u00bbvc_hidden-sm vc_col-xs-12 vc_hidden-xs\u00bb][\/vc_column_inner][vc_column_inner width=\u00bb1\/4&#8243; offset=\u00bbvc_hidden-sm vc_hidden-xs\u00bb][\/vc_column_inner][\/vc_row_inner][vc_row_inner equal_height=\u00bbyes\u00bb content_placement=\u00bbmiddle\u00bb][vc_column_inner width=\u00bb1\/2&#8243; offset=\u00bbvc_hidden-lg vc_hidden-md vc_col-xs-12&#8243;][vc_single_image image=\u00bb1103&#8243; alignment=\u00bbcenter\u00bb][\/vc_column_inner][vc_column_inner width=\u00bb1\/2&#8243; css=\u00bb.vc_custom_1655395022693{background-image: url(https:\/\/navpax.com\/wp-content\/uploads\/2022\/06\/NAVPAX.png?id=1128) !important;background-position: center !important;background-repeat: no-repeat !important;background-size: contain !important;}\u00bb offset=\u00bbvc_hidden-lg vc_hidden-md vc_col-xs-12&#8243;][\/vc_column_inner][\/vc_row_inner][vc_column_text] NAVPAX es una [&hellip;]<\/p>\n","protected":false},"author":1,"featured_media":0,"parent":0,"menu_order":0,"comment_status":"closed","ping_status":"closed","template":"","meta":{"footnotes":""},"class_list":["post-1381","page","type-page","status-publish","hentry"],"yoast_head":"<!-- This site is optimized with the Yoast SEO plugin v26.0 - https:\/\/yoast.com\/wordpress\/plugins\/seo\/ -->\n<title>Barcos de pasajeros y Buceo de Segunda Mano en Venta<\/title>\n<meta name=\"description\" content=\"Barcos de pasajeros y Buceo de Segunda Mano en Venta. Gran variedad en barcos de ocasi\u00f3n, embarcaciones y pasajeros.\" \/>\n<meta name=\"robots\" content=\"index, follow, max-snippet:-1, max-image-preview:large, max-video-preview:-1\" \/>\n<link rel=\"canonical\" href=\"https:\/\/navpax.com\/es\/\" \/>\n<meta property=\"og:locale\" content=\"es_ES\" \/>\n<meta property=\"og:type\" content=\"article\" \/>\n<meta property=\"og:title\" content=\"Barcos de pasajeros y Buceo de Segunda Mano en Venta\" \/>\n<meta property=\"og:description\" content=\"Barcos de pasajeros y Buceo de Segunda Mano en Venta. Gran variedad en barcos de ocasi\u00f3n, embarcaciones y pasajeros.\" \/>\n<meta property=\"og:url\" content=\"https:\/\/navpax.com\/es\/\" \/>\n<meta property=\"og:site_name\" content=\"Navpax - Especialistas en venta de barcos y buques de pasajeros\" \/>\n<meta property=\"article:modified_time\" content=\"2022-09-12T10:54:09+00:00\" \/>\n<meta name=\"twitter:card\" content=\"summary_large_image\" \/>\n<meta name=\"twitter:label1\" content=\"Tiempo de lectura\" \/>\n\t<meta name=\"twitter:data1\" content=\"3 minutos\" \/>\n<script type=\"application\/ld+json\" class=\"yoast-schema-graph\">{\"@context\":\"https:\/\/schema.org\",\"@graph\":[{\"@type\":\"WebPage\",\"@id\":\"https:\/\/navpax.com\/es\/\",\"url\":\"https:\/\/navpax.com\/es\/\",\"name\":\"Barcos de pasajeros y Buceo de Segunda Mano en Venta\",\"isPartOf\":{\"@id\":\"https:\/\/navpax.com\/es\/#website\"},\"datePublished\":\"2016-07-28T06:49:56+00:00\",\"dateModified\":\"2022-09-12T10:54:09+00:00\",\"description\":\"Barcos de pasajeros y Buceo de Segunda Mano en Venta. Gran variedad en barcos de ocasi\u00f3n, embarcaciones y pasajeros.\",\"breadcrumb\":{\"@id\":\"https:\/\/navpax.com\/es\/#breadcrumb\"},\"inLanguage\":\"es\",\"potentialAction\":[{\"@type\":\"ReadAction\",\"target\":[\"https:\/\/navpax.com\/es\/\"]}]},{\"@type\":\"BreadcrumbList\",\"@id\":\"https:\/\/navpax.com\/es\/#breadcrumb\",\"itemListElement\":[{\"@type\":\"ListItem\",\"position\":1,\"name\":\"Portada\",\"item\":\"https:\/\/navpax.com\/es\/\"},{\"@type\":\"ListItem\",\"position\":2,\"name\":\"Inicio\"}]},{\"@type\":\"WebSite\",\"@id\":\"https:\/\/navpax.com\/es\/#website\",\"url\":\"https:\/\/navpax.com\/es\/\",\"name\":\"Navpax - Especialistas en venta de barcos y buques de pasajeros\",\"description\":\"NAVPAX es una empresa especializada y dedicada exclusivamente a la venta de buques de pasaje. Informaci\u00f3n al 635 87 95 98.\",\"publisher\":{\"@id\":\"https:\/\/navpax.com\/es\/#organization\"},\"potentialAction\":[{\"@type\":\"SearchAction\",\"target\":{\"@type\":\"EntryPoint\",\"urlTemplate\":\"https:\/\/navpax.com\/es\/?s={search_term_string}\"},\"query-input\":{\"@type\":\"PropertyValueSpecification\",\"valueRequired\":true,\"valueName\":\"search_term_string\"}}],\"inLanguage\":\"es\"},{\"@type\":\"Organization\",\"@id\":\"https:\/\/navpax.com\/es\/#organization\",\"name\":\"Navpax - Especialistas en venta de barcos y buques de pasajeros\",\"url\":\"https:\/\/navpax.com\/es\/\",\"logo\":{\"@type\":\"ImageObject\",\"inLanguage\":\"es\",\"@id\":\"https:\/\/navpax.com\/es\/#\/schema\/logo\/image\/\",\"url\":\"https:\/\/navpax.com\/wp-content\/uploads\/2022\/06\/navpax-logo-fr.png\",\"contentUrl\":\"https:\/\/navpax.com\/wp-content\/uploads\/2022\/06\/navpax-logo-fr.png\",\"width\":320,\"height\":141,\"caption\":\"Navpax - Especialistas en venta de barcos y buques de pasajeros\"},\"image\":{\"@id\":\"https:\/\/navpax.com\/es\/#\/schema\/logo\/image\/\"}}]}<\/script>\n<!-- \/ Yoast SEO plugin. -->","yoast_head_json":{"title":"Barcos de pasajeros y Buceo de Segunda Mano en Venta","description":"Barcos de pasajeros y Buceo de Segunda Mano en Venta. Gran variedad en barcos de ocasi\u00f3n, embarcaciones y pasajeros.","robots":{"index":"index","follow":"follow","max-snippet":"max-snippet:-1","max-image-preview":"max-image-preview:large","max-video-preview":"max-video-preview:-1"},"canonical":"https:\/\/navpax.com\/es\/","og_locale":"es_ES","og_type":"article","og_title":"Barcos de pasajeros y Buceo de Segunda Mano en Venta","og_description":"Barcos de pasajeros y Buceo de Segunda Mano en Venta. Gran variedad en barcos de ocasi\u00f3n, embarcaciones y pasajeros.","og_url":"https:\/\/navpax.com\/es\/","og_site_name":"Navpax - Especialistas en venta de barcos y buques de pasajeros","article_modified_time":"2022-09-12T10:54:09+00:00","twitter_card":"summary_large_image","twitter_misc":{"Tiempo de lectura":"3 minutos"},"schema":{"@context":"https:\/\/schema.org","@graph":[{"@type":"WebPage","@id":"https:\/\/navpax.com\/es\/","url":"https:\/\/navpax.com\/es\/","name":"Barcos de pasajeros y Buceo de Segunda Mano en Venta","isPartOf":{"@id":"https:\/\/navpax.com\/es\/#website"},"datePublished":"2016-07-28T06:49:56+00:00","dateModified":"2022-09-12T10:54:09+00:00","description":"Barcos de pasajeros y Buceo de Segunda Mano en Venta. Gran variedad en barcos de ocasi\u00f3n, embarcaciones y pasajeros.","breadcrumb":{"@id":"https:\/\/navpax.com\/es\/#breadcrumb"},"inLanguage":"es","potentialAction":[{"@type":"ReadAction","target":["https:\/\/navpax.com\/es\/"]}]},{"@type":"BreadcrumbList","@id":"https:\/\/navpax.com\/es\/#breadcrumb","itemListElement":[{"@type":"ListItem","position":1,"name":"Portada","item":"https:\/\/navpax.com\/es\/"},{"@type":"ListItem","position":2,"name":"Inicio"}]},{"@type":"WebSite","@id":"https:\/\/navpax.com\/es\/#website","url":"https:\/\/navpax.com\/es\/","name":"Navpax - Especialistas en venta de barcos y buques de pasajeros","description":"NAVPAX es una empresa especializada y dedicada exclusivamente a la venta de buques de pasaje. Informaci\u00f3n al 635 87 95 98.","publisher":{"@id":"https:\/\/navpax.com\/es\/#organization"},"potentialAction":[{"@type":"SearchAction","target":{"@type":"EntryPoint","urlTemplate":"https:\/\/navpax.com\/es\/?s={search_term_string}"},"query-input":{"@type":"PropertyValueSpecification","valueRequired":true,"valueName":"search_term_string"}}],"inLanguage":"es"},{"@type":"Organization","@id":"https:\/\/navpax.com\/es\/#organization","name":"Navpax - Especialistas en venta de barcos y buques de pasajeros","url":"https:\/\/navpax.com\/es\/","logo":{"@type":"ImageObject","inLanguage":"es","@id":"https:\/\/navpax.com\/es\/#\/schema\/logo\/image\/","url":"https:\/\/navpax.com\/wp-content\/uploads\/2022\/06\/navpax-logo-fr.png","contentUrl":"https:\/\/navpax.com\/wp-content\/uploads\/2022\/06\/navpax-logo-fr.png","width":320,"height":141,"caption":"Navpax - Especialistas en venta de barcos y buques de pasajeros"},"image":{"@id":"https:\/\/navpax.com\/es\/#\/schema\/logo\/image\/"}}]}},"_links":{"self":[{"href":"https:\/\/navpax.com\/es\/wp-json\/wp\/v2\/pages\/1381","targetHints":{"allow":["GET"]}}],"collection":[{"href":"https:\/\/navpax.com\/es\/wp-json\/wp\/v2\/pages"}],"about":[{"href":"https:\/\/navpax.com\/es\/wp-json\/wp\/v2\/types\/page"}],"author":[{"embeddable":true,"href":"https:\/\/navpax.com\/es\/wp-json\/wp\/v2\/users\/1"}],"replies":[{"embeddable":true,"href":"https:\/\/navpax.com\/es\/wp-json\/wp\/v2\/comments?post=1381"}],"version-history":[{"count":1,"href":"https:\/\/navpax.com\/es\/wp-json\/wp\/v2\/pages\/1381\/revisions"}],"predecessor-version":[{"id":4980,"href":"https:\/\/navpax.com\/es\/wp-json\/wp\/v2\/pages\/1381\/revisions\/4980"}],"wp:attachment":[{"href":"https:\/\/navpax.com\/es\/wp-json\/wp\/v2\/media?parent=1381"}],"curies":[{"name":"wp","href":"https:\/\/api.w.org\/{rel}","templated":true}]}}